{"id":1216,"date":"2022-11-08T14:43:38","date_gmt":"2022-11-08T14:43:38","guid":{"rendered":"http:\/\/lcgpa.ubiobio.cl\/?page_id=1216"},"modified":"2023-01-23T20:32:30","modified_gmt":"2023-01-23T20:32:30","slug":"presentaciones-de-avance-de-tesis","status":"publish","type":"page","link":"http:\/\/lcgpa.ubiobio.cl\/index.php\/presentaciones-de-avance-de-tesis\/","title":{"rendered":"Presentaciones de Avance de Tesis"},"content":{"rendered":"\n<ul class=\"wp-block-list\">\n<li>Los Alumnos de la carrera Ingenier\u00eda Civil Qu\u00edmica, pertenecientes al LCGPA realizaron la presentaci\u00f3n del avance de sus tesis de Pregrado para optar al t\u00edtulo de Ingeniero Civil Qu\u00edmico. \u00a1Mucho \u00c9xito en esta etapa Final!<\/li>\n<\/ul>\n\n\n\n<h2 class=\"wp-block-heading\">Avance Proyecto de Tesis Sr. Carlos Romero<\/h2>\n\n\n\n<p>18 de Octubre de 2022<\/p>\n\n\n\n<p>Tema: Co-hidropir\u00f3lisis de pl\u00e1stico\/biomasa: Estudio de la influencia de catalizadores tipo MOF en el proceso.<\/p>\n\n\n\n<figure class=\"wp-block-image size-large is-resized\"><img loading=\"lazy\" decoding=\"async\" src=\"http:\/\/lcgpa.ubiobio.cl\/wp-content\/uploads\/2023\/01\/Imagen-de-WhatsApp-2023-01-23-a-las-17.29.59-1024x768.jpg\" alt=\"\" class=\"wp-image-1257\" width=\"836\" height=\"626\" srcset=\"http:\/\/lcgpa.ubiobio.cl\/wp-content\/uploads\/2023\/01\/Imagen-de-WhatsApp-2023-01-23-a-las-17.29.59-1024x768.jpg 1024w, http:\/\/lcgpa.ubiobio.cl\/wp-content\/uploads\/2023\/01\/Imagen-de-WhatsApp-2023-01-23-a-las-17.29.59-300x225.jpg 300w, http:\/\/lcgpa.ubiobio.cl\/wp-content\/uploads\/2023\/01\/Imagen-de-WhatsApp-2023-01-23-a-las-17.29.59-768x576.jpg 768w, http:\/\/lcgpa.ubiobio.cl\/wp-content\/uploads\/2023\/01\/Imagen-de-WhatsApp-2023-01-23-a-las-17.29.59-1536x1152.jpg 1536w, http:\/\/lcgpa.ubiobio.cl\/wp-content\/uploads\/2023\/01\/Imagen-de-WhatsApp-2023-01-23-a-las-17.29.59.jpg 1600w\" sizes=\"auto, (max-width: 836px) 100vw, 836px\" \/><\/figure>\n\n\n\n<h2 class=\"wp-block-heading\">Avance Proyecto de Tesis Sr. Eduardo Salas<\/h2>\n\n\n\n<p>25 Octubre de 2022<\/p>\n\n\n\n<p>Tema: Estudio del efecto del uso de zeolitas naturales modificadas en el proceso de co-hidropir\u00f3lisis de biomasa\/pl\u00e1stico.<\/p>\n\n\n\n<figure class=\"wp-block-image size-large is-resized\"><img loading=\"lazy\" decoding=\"async\" src=\"http:\/\/lcgpa.ubiobio.cl\/wp-content\/uploads\/2023\/01\/Imagen-de-WhatsApp-2023-01-23-a-las-17.29.59ii-1024x768.jpg\" alt=\"\" class=\"wp-image-1258\" width=\"839\" height=\"628\" srcset=\"http:\/\/lcgpa.ubiobio.cl\/wp-content\/uploads\/2023\/01\/Imagen-de-WhatsApp-2023-01-23-a-las-17.29.59ii-1024x768.jpg 1024w, http:\/\/lcgpa.ubiobio.cl\/wp-content\/uploads\/2023\/01\/Imagen-de-WhatsApp-2023-01-23-a-las-17.29.59ii-300x225.jpg 300w, http:\/\/lcgpa.ubiobio.cl\/wp-content\/uploads\/2023\/01\/Imagen-de-WhatsApp-2023-01-23-a-las-17.29.59ii-768x576.jpg 768w, http:\/\/lcgpa.ubiobio.cl\/wp-content\/uploads\/2023\/01\/Imagen-de-WhatsApp-2023-01-23-a-las-17.29.59ii-1536x1152.jpg 1536w, http:\/\/lcgpa.ubiobio.cl\/wp-content\/uploads\/2023\/01\/Imagen-de-WhatsApp-2023-01-23-a-las-17.29.59ii.jpg 1600w\" sizes=\"auto, (max-width: 839px) 100vw, 839px\" \/><\/figure>\n\n\n\n<h2 class=\"wp-block-heading\">Avance Proyecto de Tesis Sr. Eduardo Vignolo<\/h2>\n\n\n\n<p>08 de Noviembre de 2022<\/p>\n\n\n\n<p>Tema: Estudio de los gases producidos en el proceso de co-hidropir\u00f3lisis de biomasa\/pl\u00e1stico en presencia de zeolita natural modificada<\/p>\n\n\n\n<figure class=\"wp-block-image size-large is-resized\"><img loading=\"lazy\" decoding=\"async\" src=\"http:\/\/lcgpa.ubiobio.cl\/wp-content\/uploads\/2023\/01\/uuu-1024x768.jpg\" alt=\"\" class=\"wp-image-1259\" width=\"833\" height=\"624\" srcset=\"http:\/\/lcgpa.ubiobio.cl\/wp-content\/uploads\/2023\/01\/uuu-1024x768.jpg 1024w, http:\/\/lcgpa.ubiobio.cl\/wp-content\/uploads\/2023\/01\/uuu-300x225.jpg 300w, http:\/\/lcgpa.ubiobio.cl\/wp-content\/uploads\/2023\/01\/uuu-768x576.jpg 768w, http:\/\/lcgpa.ubiobio.cl\/wp-content\/uploads\/2023\/01\/uuu-1536x1152.jpg 1536w, http:\/\/lcgpa.ubiobio.cl\/wp-content\/uploads\/2023\/01\/uuu.jpg 1600w\" sizes=\"auto, (max-width: 833px) 100vw, 833px\" \/><\/figure>\n","protected":false},"excerpt":{"rendered":"<p>Avance Proyecto de Tesis Sr. Carlos Romero 18 de Octubre de 2022 Tema: Co-hidropir\u00f3lisis de pl\u00e1stico\/biomasa: Estudio de la influencia de catalizadores tipo MOF en el proceso. Avance Proyecto de Tesis Sr. Eduardo Salas 25 Octubre de 2022 Tema: Estudio del efecto del uso de zeolitas naturales modificadas en el proceso de co-hidropir\u00f3lisis de biomasa\/pl\u00e1stico. &hellip; <a href=\"http:\/\/lcgpa.ubiobio.cl\/index.php\/presentaciones-de-avance-de-tesis\/\" class=\"more-link\">Continue reading <span class=\"screen-reader-text\">Presentaciones de Avance de Tesis<\/span><\/a><\/p>\n","protected":false},"author":1,"featured_media":0,"parent":0,"menu_order":0,"comment_status":"closed","ping_status":"closed","template":"","meta":{"footnotes":""},"class_list":["post-1216","page","type-page","status-publish","hentry"],"_links":{"self":[{"href":"http:\/\/lcgpa.ubiobio.cl\/index.php\/wp-json\/wp\/v2\/pages\/1216","targetHints":{"allow":["GET"]}}],"collection":[{"href":"http:\/\/lcgpa.ubiobio.cl\/index.php\/wp-json\/wp\/v2\/pages"}],"about":[{"href":"http:\/\/lcgpa.ubiobio.cl\/index.php\/wp-json\/wp\/v2\/types\/page"}],"author":[{"embeddable":true,"href":"http:\/\/lcgpa.ubiobio.cl\/index.php\/wp-json\/wp\/v2\/users\/1"}],"replies":[{"embeddable":true,"href":"http:\/\/lcgpa.ubiobio.cl\/index.php\/wp-json\/wp\/v2\/comments?post=1216"}],"version-history":[{"count":6,"href":"http:\/\/lcgpa.ubiobio.cl\/index.php\/wp-json\/wp\/v2\/pages\/1216\/revisions"}],"predecessor-version":[{"id":1263,"href":"http:\/\/lcgpa.ubiobio.cl\/index.php\/wp-json\/wp\/v2\/pages\/1216\/revisions\/1263"}],"wp:attachment":[{"href":"http:\/\/lcgpa.ubiobio.cl\/index.php\/wp-json\/wp\/v2\/media?parent=1216"}],"curies":[{"name":"wp","href":"https:\/\/api.w.org\/{rel}","templated":true}]}}