{"id":260,"date":"2021-11-05T10:04:14","date_gmt":"2021-11-05T13:04:14","guid":{"rendered":"https:\/\/lgcapubb.wordpress.com\/?page_id=260"},"modified":"2026-05-05T15:59:31","modified_gmt":"2026-05-05T15:59:31","slug":"alumnos-pregrado","status":"publish","type":"page","link":"http:\/\/lcgpa.ubiobio.cl\/index.php\/alumnos-pregrado\/","title":{"rendered":"Estudiantes Pregrado"},"content":{"rendered":"\n<div class=\"wp-block-columns is-layout-flex wp-container-core-columns-is-layout-9d6595d7 wp-block-columns-is-layout-flex\">\n<div class=\"wp-block-column is-layout-flow wp-block-column-is-layout-flow\" style=\"flex-basis:66.66%\">\n<p><em><strong>(Actualizado al 2026)<\/strong><\/em><\/p>\n\n\n\n<h4 class=\"wp-block-heading\" id=\"curso-habilitacion-profesional\">Curso: Pr\u00e1ctica y\/o Habilitaci\u00f3n Profesional<\/h4>\n\n\n\n<h5 class=\"wp-block-heading\">A\u00f1o 2026:<\/h5>\n\n\n\n<ul class=\"wp-block-list\">\n<li class=\"has-black-color has-text-color has-link-color wp-elements-c19a6ec2eeca98bf45f2cddf4cc47344\">Benjam\u00edn Jara Valencia<\/li>\n\n\n\n<li class=\"has-black-color has-text-color has-link-color wp-elements-be0120a76bd1173b6ba020161f7bcda3\">Felipe Mu\u00f1oz Rebolledo<\/li>\n\n\n\n<li class=\"has-black-color has-text-color has-link-color wp-elements-a9fdeeef1b0321525b0cfdaf0c8cdb02\">Mart\u00edn Gallardo Retamal<\/li>\n<\/ul>\n\n\n\n<h5 class=\"wp-block-heading\">A\u00f1o 2025:<\/h5>\n\n\n\n<ul class=\"wp-block-list\">\n<li class=\"has-black-color has-text-color has-link-color wp-elements-8deaa53af9b1c9c7124e606c657c7431\">Konstanza Ortiz Araya<\/li>\n<\/ul>\n\n\n\n<h5 class=\"wp-block-heading\">A\u00f1o 2024:<\/h5>\n\n\n\n<ul class=\"wp-block-list\">\n<li class=\"has-black-color has-text-color has-link-color wp-elements-8faa8f706dbc5d5f0561e4f0d38001a3\">Roberto Concha Trujillo<\/li>\n<\/ul>\n\n\n\n<h5 class=\"wp-block-heading\">A\u00f1o 2023:<\/h5>\n\n\n\n<ul class=\"wp-block-list\">\n<li class=\"has-black-color has-text-color has-link-color wp-elements-f5d08770b9413774e4012746dde62af9\">Sebasti\u00e1n Fa\u00fandez Mendoza<\/li>\n\n\n\n<li class=\"has-black-color has-text-color has-link-color wp-elements-6ce2aeffc781a4ed010d2c418e5dfbf2\">Romina Vivallo Valenzuela<\/li>\n<\/ul>\n\n\n\n<h5 class=\"wp-block-heading\">A\u00f1o 2022:<\/h5>\n\n\n\n<ul class=\"wp-block-list\">\n<li class=\"has-black-color has-text-color has-link-color wp-elements-d9364cdc8ecaf89551fa351527344e21\">Eduardo Salas Ortiz<\/li>\n\n\n\n<li class=\"has-black-color has-text-color has-link-color wp-elements-df3b8c03b07de36bd29248384eafc76d\">Carlos Romero Unda<\/li>\n\n\n\n<li class=\"has-black-color has-text-color has-link-color wp-elements-f312674954c3d89feede9a66880fd79b\">Eduardo Vignolo Su\u00e1rez<\/li>\n\n\n\n<li class=\"has-black-color has-text-color has-link-color wp-elements-be655cee1be87e89cb1df7c2515a21d7\">Nataly Leal Fuentealba <\/li>\n<\/ul>\n\n\n\n<h5 class=\"wp-block-heading has-black-color has-text-color\" id=\"ano-2021-1\"><span style=\"text-decoration:underline;\">A\u00f1o 2021:<\/span><\/h5>\n\n\n\n<ul class=\"wp-block-list\">\n<li class=\"has-black-color has-text-color has-link-color wp-elements-5f7783908ec39e318b2f35ac1e5da5c4\">Basti\u00e1n Puentes Navarro<\/li>\n<\/ul>\n\n\n\n<h4 class=\"wp-block-heading\" id=\"curso-investigaciones-en-procesos-de-ingenieria-quimica\">Curso: Investigaciones en Procesos de Ingenier\u00eda Qu\u00edmica <\/h4>\n\n\n\n<div class=\"wp-block-buttons is-layout-flex wp-block-buttons-is-layout-flex\">\n<div class=\"wp-block-button is-style-outline is-style-outline--1\"><a class=\"wp-block-button__link has-black-color has-pale-cyan-blue-background-color has-text-color has-background wp-element-button\" href=\"http:\/\/lcgpa.ubiobio.cl\/index.php\/historial\/\"> Historial Alumnos <\/a><\/div>\n<\/div>\n<\/div>\n\n\n\n<div class=\"wp-block-column is-vertically-aligned-top is-layout-flow wp-block-column-is-layout-flow\" style=\"flex-basis:33.33%\">\n<figure class=\"wp-block-gallery has-nested-images columns-1 is-cropped wp-block-gallery-2 is-layout-flex wp-block-gallery-is-layout-flex\">\n<figure class=\"wp-block-image size-full\"><a href=\"http:\/\/lcgpa.ubiobio.cl\/wp-content\/uploads\/2021\/11\/icq-2.png\"><img loading=\"lazy\" decoding=\"async\" width=\"512\" height=\"319\" data-id=\"364\" src=\"http:\/\/lcgpa.ubiobio.cl\/wp-content\/uploads\/2021\/11\/icq-2.png\" alt=\"\" class=\"wp-image-364\" srcset=\"http:\/\/lcgpa.ubiobio.cl\/wp-content\/uploads\/2021\/11\/icq-2.png 512w, http:\/\/lcgpa.ubiobio.cl\/wp-content\/uploads\/2021\/11\/icq-2-300x187.png 300w\" sizes=\"auto, (max-width: 512px) 100vw, 512px\" \/><\/a><\/figure>\n\n\n\n<figure class=\"wp-block-image size-full\"><a href=\"http:\/\/lcgpa.ubiobio.cl\/wp-content\/uploads\/2024\/04\/Captura-de-pantalla-2024-04-29-122848.png\"><img loading=\"lazy\" decoding=\"async\" width=\"644\" height=\"748\" data-id=\"1470\" src=\"http:\/\/lcgpa.ubiobio.cl\/wp-content\/uploads\/2024\/04\/Captura-de-pantalla-2024-04-29-122848.png\" alt=\"\" class=\"wp-image-1470\" srcset=\"http:\/\/lcgpa.ubiobio.cl\/wp-content\/uploads\/2024\/04\/Captura-de-pantalla-2024-04-29-122848.png 644w, http:\/\/lcgpa.ubiobio.cl\/wp-content\/uploads\/2024\/04\/Captura-de-pantalla-2024-04-29-122848-258x300.png 258w\" sizes=\"auto, (max-width: 644px) 100vw, 644px\" \/><\/a><\/figure>\n\n\n\n<figure class=\"wp-block-image size-full\"><a href=\"http:\/\/lcgpa.ubiobio.cl\/wp-content\/uploads\/2023\/10\/SmartSelect_20231012_202946_Instagram.jpg\"><img loading=\"lazy\" decoding=\"async\" width=\"1079\" height=\"806\" data-id=\"1364\" src=\"http:\/\/lcgpa.ubiobio.cl\/wp-content\/uploads\/2023\/10\/SmartSelect_20231012_202946_Instagram.jpg\" alt=\"\" class=\"wp-image-1364\" srcset=\"http:\/\/lcgpa.ubiobio.cl\/wp-content\/uploads\/2023\/10\/SmartSelect_20231012_202946_Instagram.jpg 1079w, http:\/\/lcgpa.ubiobio.cl\/wp-content\/uploads\/2023\/10\/SmartSelect_20231012_202946_Instagram-300x224.jpg 300w, http:\/\/lcgpa.ubiobio.cl\/wp-content\/uploads\/2023\/10\/SmartSelect_20231012_202946_Instagram-1024x765.jpg 1024w, http:\/\/lcgpa.ubiobio.cl\/wp-content\/uploads\/2023\/10\/SmartSelect_20231012_202946_Instagram-768x574.jpg 768w\" sizes=\"auto, (max-width: 1079px) 100vw, 1079px\" \/><\/a><\/figure>\n<\/figure>\n<\/div>\n<\/div>\n\n\n\n<figure class=\"wp-block-gallery has-nested-images columns-default is-cropped wp-block-gallery-3 is-layout-flex wp-block-gallery-is-layout-flex\">\n<figure class=\"wp-block-image size-large\"><img loading=\"lazy\" decoding=\"async\" width=\"1024\" height=\"768\" data-id=\"1745\" src=\"http:\/\/lcgpa.ubiobio.cl\/wp-content\/uploads\/2026\/05\/WhatsApp-Image-2026-05-05-at-11.56.00-1-1024x768.jpeg\" alt=\"\" class=\"wp-image-1745\" srcset=\"http:\/\/lcgpa.ubiobio.cl\/wp-content\/uploads\/2026\/05\/WhatsApp-Image-2026-05-05-at-11.56.00-1-1024x768.jpeg 1024w, http:\/\/lcgpa.ubiobio.cl\/wp-content\/uploads\/2026\/05\/WhatsApp-Image-2026-05-05-at-11.56.00-1-300x225.jpeg 300w, http:\/\/lcgpa.ubiobio.cl\/wp-content\/uploads\/2026\/05\/WhatsApp-Image-2026-05-05-at-11.56.00-1-768x576.jpeg 768w, http:\/\/lcgpa.ubiobio.cl\/wp-content\/uploads\/2026\/05\/WhatsApp-Image-2026-05-05-at-11.56.00-1.jpeg 1280w\" sizes=\"auto, (max-width: 1024px) 100vw, 1024px\" \/><figcaption class=\"wp-element-caption\">Alumnos IPQ 2025<\/figcaption><\/figure>\n\n\n\n<figure class=\"wp-block-image size-large\"><img loading=\"lazy\" decoding=\"async\" width=\"1024\" height=\"768\" data-id=\"1746\" src=\"http:\/\/lcgpa.ubiobio.cl\/wp-content\/uploads\/2026\/05\/WhatsApp-Image-2026-05-05-at-11.56.00-1024x768.jpeg\" alt=\"\" class=\"wp-image-1746\" srcset=\"http:\/\/lcgpa.ubiobio.cl\/wp-content\/uploads\/2026\/05\/WhatsApp-Image-2026-05-05-at-11.56.00-1024x768.jpeg 1024w, http:\/\/lcgpa.ubiobio.cl\/wp-content\/uploads\/2026\/05\/WhatsApp-Image-2026-05-05-at-11.56.00-300x225.jpeg 300w, http:\/\/lcgpa.ubiobio.cl\/wp-content\/uploads\/2026\/05\/WhatsApp-Image-2026-05-05-at-11.56.00-768x576.jpeg 768w, http:\/\/lcgpa.ubiobio.cl\/wp-content\/uploads\/2026\/05\/WhatsApp-Image-2026-05-05-at-11.56.00.jpeg 1280w\" sizes=\"auto, (max-width: 1024px) 100vw, 1024px\" \/><figcaption class=\"wp-element-caption\">Alumnos IPQ 2025<\/figcaption><\/figure>\n\n\n\n<figure class=\"wp-block-image size-large\"><img loading=\"lazy\" decoding=\"async\" width=\"1024\" height=\"865\" data-id=\"1747\" src=\"http:\/\/lcgpa.ubiobio.cl\/wp-content\/uploads\/2026\/05\/WhatsApp-Image-2026-05-05-at-11.56.21-1024x865.jpeg\" alt=\"\" class=\"wp-image-1747\" srcset=\"http:\/\/lcgpa.ubiobio.cl\/wp-content\/uploads\/2026\/05\/WhatsApp-Image-2026-05-05-at-11.56.21-1024x865.jpeg 1024w, http:\/\/lcgpa.ubiobio.cl\/wp-content\/uploads\/2026\/05\/WhatsApp-Image-2026-05-05-at-11.56.21-300x254.jpeg 300w, http:\/\/lcgpa.ubiobio.cl\/wp-content\/uploads\/2026\/05\/WhatsApp-Image-2026-05-05-at-11.56.21-768x649.jpeg 768w, http:\/\/lcgpa.ubiobio.cl\/wp-content\/uploads\/2026\/05\/WhatsApp-Image-2026-05-05-at-11.56.21-1536x1298.jpeg 1536w, http:\/\/lcgpa.ubiobio.cl\/wp-content\/uploads\/2026\/05\/WhatsApp-Image-2026-05-05-at-11.56.21.jpeg 1600w\" sizes=\"auto, (max-width: 1024px) 100vw, 1024px\" \/><figcaption class=\"wp-element-caption\">Alumnos IPQ 2024<\/figcaption><\/figure>\n<\/figure>\n\n\n\n<div class=\"wp-block-columns is-layout-flex wp-container-core-columns-is-layout-9d6595d7 wp-block-columns-is-layout-flex\">\n<div class=\"wp-block-column is-layout-flow wp-block-column-is-layout-flow\" style=\"flex-basis:100%\">\n<figure class=\"wp-block-gallery has-nested-images columns-default is-cropped wp-block-gallery-4 is-layout-flex wp-block-gallery-is-layout-flex\">\n<figure class=\"wp-block-image size-large\"><img loading=\"lazy\" decoding=\"async\" width=\"768\" height=\"1024\" data-id=\"1435\" src=\"http:\/\/lcgpa.ubiobio.cl\/wp-content\/uploads\/2024\/01\/image_67238657-768x1024.jpg\" alt=\"\" class=\"wp-image-1435\" srcset=\"http:\/\/lcgpa.ubiobio.cl\/wp-content\/uploads\/2024\/01\/image_67238657-768x1024.jpg 768w, http:\/\/lcgpa.ubiobio.cl\/wp-content\/uploads\/2024\/01\/image_67238657-225x300.jpg 225w, http:\/\/lcgpa.ubiobio.cl\/wp-content\/uploads\/2024\/01\/image_67238657-1152x1536.jpg 1152w, http:\/\/lcgpa.ubiobio.cl\/wp-content\/uploads\/2024\/01\/image_67238657-1536x2048.jpg 1536w, http:\/\/lcgpa.ubiobio.cl\/wp-content\/uploads\/2024\/01\/image_67238657-scaled.jpg 1920w\" sizes=\"auto, (max-width: 768px) 100vw, 768px\" \/><figcaption class=\"wp-element-caption\">Alumnas IPQ 2023<\/figcaption><\/figure>\n\n\n\n<figure class=\"wp-block-image size-large\"><img loading=\"lazy\" decoding=\"async\" width=\"1024\" height=\"895\" data-id=\"1405\" src=\"http:\/\/lcgpa.ubiobio.cl\/wp-content\/uploads\/2024\/01\/Imagen-de-WhatsApp-2024-01-08-a-las-13.27.57_5253cd65-1024x895.jpg\" alt=\"\" class=\"wp-image-1405\" srcset=\"http:\/\/lcgpa.ubiobio.cl\/wp-content\/uploads\/2024\/01\/Imagen-de-WhatsApp-2024-01-08-a-las-13.27.57_5253cd65-1024x895.jpg 1024w, http:\/\/lcgpa.ubiobio.cl\/wp-content\/uploads\/2024\/01\/Imagen-de-WhatsApp-2024-01-08-a-las-13.27.57_5253cd65-300x262.jpg 300w, http:\/\/lcgpa.ubiobio.cl\/wp-content\/uploads\/2024\/01\/Imagen-de-WhatsApp-2024-01-08-a-las-13.27.57_5253cd65-768x671.jpg 768w, http:\/\/lcgpa.ubiobio.cl\/wp-content\/uploads\/2024\/01\/Imagen-de-WhatsApp-2024-01-08-a-las-13.27.57_5253cd65.jpg 1079w\" sizes=\"auto, (max-width: 1024px) 100vw, 1024px\" \/><figcaption class=\"wp-element-caption\">Alumnas IPQ 2022<\/figcaption><\/figure>\n\n\n\n<figure class=\"wp-block-image size-large is-style-default\"><img loading=\"lazy\" decoding=\"async\" width=\"1024\" height=\"768\" data-id=\"1271\" src=\"http:\/\/lcgpa.ubiobio.cl\/wp-content\/uploads\/2023\/01\/Imagen-de-WhatsApp-2023-01-25-a-las-17.33.15-1024x768.jpg\" alt=\"\" class=\"wp-image-1271\" srcset=\"http:\/\/lcgpa.ubiobio.cl\/wp-content\/uploads\/2023\/01\/Imagen-de-WhatsApp-2023-01-25-a-las-17.33.15-1024x768.jpg 1024w, http:\/\/lcgpa.ubiobio.cl\/wp-content\/uploads\/2023\/01\/Imagen-de-WhatsApp-2023-01-25-a-las-17.33.15-300x225.jpg 300w, http:\/\/lcgpa.ubiobio.cl\/wp-content\/uploads\/2023\/01\/Imagen-de-WhatsApp-2023-01-25-a-las-17.33.15-768x576.jpg 768w, http:\/\/lcgpa.ubiobio.cl\/wp-content\/uploads\/2023\/01\/Imagen-de-WhatsApp-2023-01-25-a-las-17.33.15-1536x1152.jpg 1536w, http:\/\/lcgpa.ubiobio.cl\/wp-content\/uploads\/2023\/01\/Imagen-de-WhatsApp-2023-01-25-a-las-17.33.15.jpg 1600w\" sizes=\"auto, (max-width: 1024px) 100vw, 1024px\" \/><figcaption class=\"wp-element-caption\">Alumnas IPQ 2022<\/figcaption><\/figure>\n\n\n\n<figure class=\"wp-block-image size-large\"><img loading=\"lazy\" decoding=\"async\" width=\"1024\" height=\"768\" data-id=\"440\" src=\"http:\/\/lcgpa.ubiobio.cl\/wp-content\/uploads\/2021\/11\/imagen-1024x768.png\" alt=\"\" class=\"wp-image-440\" srcset=\"http:\/\/lcgpa.ubiobio.cl\/wp-content\/uploads\/2021\/11\/imagen-1024x768.png 1024w, http:\/\/lcgpa.ubiobio.cl\/wp-content\/uploads\/2021\/11\/imagen-300x225.png 300w, http:\/\/lcgpa.ubiobio.cl\/wp-content\/uploads\/2021\/11\/imagen-768x576.png 768w, http:\/\/lcgpa.ubiobio.cl\/wp-content\/uploads\/2021\/11\/imagen-1536x1152.png 1536w, http:\/\/lcgpa.ubiobio.cl\/wp-content\/uploads\/2021\/11\/imagen-2048x1536.png 2048w, http:\/\/lcgpa.ubiobio.cl\/wp-content\/uploads\/2021\/11\/imagen-1200x900.png 1200w, http:\/\/lcgpa.ubiobio.cl\/wp-content\/uploads\/2021\/11\/imagen-1980x1485.png 1980w\" sizes=\"auto, (max-width: 1024px) 100vw, 1024px\" \/><figcaption class=\"wp-element-caption\">Alumnos IPQ 2018<\/figcaption><\/figure>\n\n\n\n<figure class=\"wp-block-image size-large\"><img loading=\"lazy\" decoding=\"async\" width=\"1024\" height=\"768\" data-id=\"439\" src=\"http:\/\/lcgpa.ubiobio.cl\/wp-content\/uploads\/2021\/11\/imagen-1-1024x768.png\" alt=\"\" class=\"wp-image-439\" srcset=\"http:\/\/lcgpa.ubiobio.cl\/wp-content\/uploads\/2021\/11\/imagen-1-1024x768.png 1024w, http:\/\/lcgpa.ubiobio.cl\/wp-content\/uploads\/2021\/11\/imagen-1-300x225.png 300w, http:\/\/lcgpa.ubiobio.cl\/wp-content\/uploads\/2021\/11\/imagen-1-768x576.png 768w, http:\/\/lcgpa.ubiobio.cl\/wp-content\/uploads\/2021\/11\/imagen-1-1536x1152.png 1536w, http:\/\/lcgpa.ubiobio.cl\/wp-content\/uploads\/2021\/11\/imagen-1-2048x1536.png 2048w, http:\/\/lcgpa.ubiobio.cl\/wp-content\/uploads\/2021\/11\/imagen-1-1200x900.png 1200w, http:\/\/lcgpa.ubiobio.cl\/wp-content\/uploads\/2021\/11\/imagen-1-1980x1485.png 1980w\" sizes=\"auto, (max-width: 1024px) 100vw, 1024px\" \/><figcaption class=\"wp-element-caption\">Alumnos IPQ 2018<\/figcaption><\/figure>\n<\/figure>\n<\/div>\n<\/div>\n","protected":false},"excerpt":{"rendered":"<p>(Actualizado al 2026) Curso: Pr\u00e1ctica y\/o Habilitaci\u00f3n Profesional A\u00f1o 2026: A\u00f1o 2025: A\u00f1o 2024: A\u00f1o 2023: A\u00f1o 2022: A\u00f1o 2021: Curso: Investigaciones en Procesos de Ingenier\u00eda Qu\u00edmica<\/p>\n","protected":false},"author":1,"featured_media":0,"parent":0,"menu_order":0,"comment_status":"closed","ping_status":"closed","template":"panel-page.php","meta":{"footnotes":""},"class_list":["post-260","page","type-page","status-publish","hentry"],"_links":{"self":[{"href":"http:\/\/lcgpa.ubiobio.cl\/index.php\/wp-json\/wp\/v2\/pages\/260","targetHints":{"allow":["GET"]}}],"collection":[{"href":"http:\/\/lcgpa.ubiobio.cl\/index.php\/wp-json\/wp\/v2\/pages"}],"about":[{"href":"http:\/\/lcgpa.ubiobio.cl\/index.php\/wp-json\/wp\/v2\/types\/page"}],"author":[{"embeddable":true,"href":"http:\/\/lcgpa.ubiobio.cl\/index.php\/wp-json\/wp\/v2\/users\/1"}],"replies":[{"embeddable":true,"href":"http:\/\/lcgpa.ubiobio.cl\/index.php\/wp-json\/wp\/v2\/comments?post=260"}],"version-history":[{"count":35,"href":"http:\/\/lcgpa.ubiobio.cl\/index.php\/wp-json\/wp\/v2\/pages\/260\/revisions"}],"predecessor-version":[{"id":1750,"href":"http:\/\/lcgpa.ubiobio.cl\/index.php\/wp-json\/wp\/v2\/pages\/260\/revisions\/1750"}],"wp:attachment":[{"href":"http:\/\/lcgpa.ubiobio.cl\/index.php\/wp-json\/wp\/v2\/media?parent=260"}],"curies":[{"name":"wp","href":"https:\/\/api.w.org\/{rel}","templated":true}]}}