{"id":791,"date":"2021-11-22T01:45:22","date_gmt":"2021-11-22T01:45:22","guid":{"rendered":"http:\/\/lcgpa.ubiobio.cl\/?page_id=791"},"modified":"2026-05-05T16:06:23","modified_gmt":"2026-05-05T16:06:23","slug":"alumnos-postgrado-2","status":"publish","type":"page","link":"http:\/\/lcgpa.ubiobio.cl\/index.php\/alumnos-postgrado-2\/","title":{"rendered":"Estudiantes Postgrado"},"content":{"rendered":"\n<h5 class=\"wp-block-heading\">Postdoctorado Universidad del B\u00edo-B\u00edo<\/h5>\n\n\n\n<div class=\"wp-block-media-text is-stacked-on-mobile\" style=\"grid-template-columns:32% auto\"><figure class=\"wp-block-media-text__media\"><img loading=\"lazy\" decoding=\"async\" width=\"1024\" height=\"682\" src=\"http:\/\/lcgpa.ubiobio.cl\/wp-content\/uploads\/2025\/06\/Oscar-Postdoc-1024x682.jpg\" alt=\"\" class=\"wp-image-1699 size-full\" srcset=\"http:\/\/lcgpa.ubiobio.cl\/wp-content\/uploads\/2025\/06\/Oscar-Postdoc-1024x682.jpg 1024w, http:\/\/lcgpa.ubiobio.cl\/wp-content\/uploads\/2025\/06\/Oscar-Postdoc-300x200.jpg 300w, http:\/\/lcgpa.ubiobio.cl\/wp-content\/uploads\/2025\/06\/Oscar-Postdoc-768x512.jpg 768w, http:\/\/lcgpa.ubiobio.cl\/wp-content\/uploads\/2025\/06\/Oscar-Postdoc.jpg 1280w\" sizes=\"auto, (max-width: 1024px) 100vw, 1024px\" \/><\/figure><div class=\"wp-block-media-text__content\">\n<p class=\"has-black-color has-text-color has-link-color has-medium-font-size wp-elements-9c850e5c9008f3e219bf2cc8d00aedad\"><strong>Dr. \u00d3scar Pinto Burgos<\/strong><\/p>\n\n\n\n<p class=\"has-black-color has-text-color has-link-color wp-elements-f72260559054f0d2c3e24ce15bde2357\" style=\"font-size:16px\"><strong>Ingeniero Civil Qu\u00edmico<\/strong><br><strong>Ingreso:<\/strong> 2025-1<br><em>L\u00ednea de Investigaci\u00f3n: Materiales Carbonosos para electroqu\u00edmica y cat\u00e1lisis.<\/em><\/p>\n<\/div><\/div>\n\n\n\n<p>&#8211;<\/p>\n\n\n\n<h5 class=\"wp-block-heading has-black-color has-text-color has-link-color wp-elements-f86bfb0ddb381fb33599953ca1dcb36a\" id=\"doctorado\">Doctorado en Ingenier\u00eda de Materiales y Procesos Sustentables<\/h5>\n\n\n\n<p style=\"font-style:normal;font-weight:200\">&#8211;<\/p>\n\n\n\n<div class=\"wp-block-media-text is-stacked-on-mobile\" style=\"grid-template-columns:31% auto\"><figure class=\"wp-block-media-text__media\"><img loading=\"lazy\" decoding=\"async\" width=\"1024\" height=\"683\" src=\"http:\/\/lcgpa.ubiobio.cl\/wp-content\/uploads\/2024\/08\/DSC0420-1024x683.jpg\" alt=\"\" class=\"wp-image-1605 size-full\" srcset=\"http:\/\/lcgpa.ubiobio.cl\/wp-content\/uploads\/2024\/08\/DSC0420-1024x683.jpg 1024w, http:\/\/lcgpa.ubiobio.cl\/wp-content\/uploads\/2024\/08\/DSC0420-300x200.jpg 300w, http:\/\/lcgpa.ubiobio.cl\/wp-content\/uploads\/2024\/08\/DSC0420-768x512.jpg 768w, http:\/\/lcgpa.ubiobio.cl\/wp-content\/uploads\/2024\/08\/DSC0420-1536x1024.jpg 1536w, http:\/\/lcgpa.ubiobio.cl\/wp-content\/uploads\/2024\/08\/DSC0420-2048x1365.jpg 2048w\" sizes=\"auto, (max-width: 1024px) 100vw, 1024px\" \/><\/figure><div class=\"wp-block-media-text__content\">\n<p class=\"has-black-color has-text-color has-link-color has-medium-font-size wp-elements-5aecfeef014c5e3f343eedd3ed70f238\"><strong>Dr. (c) Basti\u00e1n Estefano Puentes Navarro<\/strong><\/p>\n\n\n\n<p class=\"has-black-color has-text-color has-link-color has-small-font-size wp-elements-986b0b4c45593cc053eb7c3a892b677d\">Semestre Ingreso: 2022-2<\/p>\n<\/div><\/div>\n\n\n\n<p style=\"font-style:normal;font-weight:300\">&#8211;<\/p>\n\n\n\n<div class=\"wp-block-media-text is-stacked-on-mobile\" style=\"grid-template-columns:31% auto\"><figure class=\"wp-block-media-text__media\"><img loading=\"lazy\" decoding=\"async\" width=\"1024\" height=\"683\" src=\"http:\/\/lcgpa.ubiobio.cl\/wp-content\/uploads\/2024\/08\/DSC0353-1024x683.jpg\" alt=\"\" class=\"wp-image-1606 size-full\" srcset=\"http:\/\/lcgpa.ubiobio.cl\/wp-content\/uploads\/2024\/08\/DSC0353-1024x683.jpg 1024w, http:\/\/lcgpa.ubiobio.cl\/wp-content\/uploads\/2024\/08\/DSC0353-300x200.jpg 300w, http:\/\/lcgpa.ubiobio.cl\/wp-content\/uploads\/2024\/08\/DSC0353-768x512.jpg 768w, http:\/\/lcgpa.ubiobio.cl\/wp-content\/uploads\/2024\/08\/DSC0353-1536x1024.jpg 1536w, http:\/\/lcgpa.ubiobio.cl\/wp-content\/uploads\/2024\/08\/DSC0353-2048x1365.jpg 2048w\" sizes=\"auto, (max-width: 1024px) 100vw, 1024px\" \/><\/figure><div class=\"wp-block-media-text__content\">\n<p class=\"has-black-color has-text-color has-link-color has-medium-font-size wp-elements-f00a1fddd19e052ceb588d02f008d401\"><strong>Dr. (c) Carlos Andre\u00e9 Romero Unda<\/strong><\/p>\n\n\n\n<p class=\"has-black-color has-text-color has-link-color has-small-font-size wp-elements-f5ee892b3eba052555b398e98a045cfa\">Semestre Ingreso: 2023-1<\/p>\n<\/div><\/div>\n\n\n\n<p>&#8211;<\/p>\n\n\n\n<div class=\"wp-block-media-text is-stacked-on-mobile\" style=\"grid-template-columns:31% auto\"><figure class=\"wp-block-media-text__media\"><img loading=\"lazy\" decoding=\"async\" width=\"1024\" height=\"768\" src=\"http:\/\/lcgpa.ubiobio.cl\/wp-content\/uploads\/2025\/06\/Imagen-de-WhatsApp-2025-05-14-a-las-11.41.50_bed353b8-1024x768.jpg\" alt=\"\" class=\"wp-image-1696 size-full\" srcset=\"http:\/\/lcgpa.ubiobio.cl\/wp-content\/uploads\/2025\/06\/Imagen-de-WhatsApp-2025-05-14-a-las-11.41.50_bed353b8-1024x768.jpg 1024w, http:\/\/lcgpa.ubiobio.cl\/wp-content\/uploads\/2025\/06\/Imagen-de-WhatsApp-2025-05-14-a-las-11.41.50_bed353b8-300x225.jpg 300w, http:\/\/lcgpa.ubiobio.cl\/wp-content\/uploads\/2025\/06\/Imagen-de-WhatsApp-2025-05-14-a-las-11.41.50_bed353b8-768x576.jpg 768w, http:\/\/lcgpa.ubiobio.cl\/wp-content\/uploads\/2025\/06\/Imagen-de-WhatsApp-2025-05-14-a-las-11.41.50_bed353b8-1536x1152.jpg 1536w, http:\/\/lcgpa.ubiobio.cl\/wp-content\/uploads\/2025\/06\/Imagen-de-WhatsApp-2025-05-14-a-las-11.41.50_bed353b8-2048x1536.jpg 2048w, http:\/\/lcgpa.ubiobio.cl\/wp-content\/uploads\/2025\/06\/Imagen-de-WhatsApp-2025-05-14-a-las-11.41.50_bed353b8-2000x1500.jpg 2000w\" sizes=\"auto, (max-width: 1024px) 100vw, 1024px\" \/><\/figure><div class=\"wp-block-media-text__content\">\n<p class=\"has-black-color has-text-color has-link-color has-medium-font-size wp-elements-75d2d5fcbaa5d24d364f0a716b281d86\"><strong> Romina Vivallo Valenzuela<\/strong><\/p>\n\n\n\n<p class=\"has-black-color has-text-color has-link-color has-small-font-size wp-elements-f319500d5a2488c3e0354c41a65bd1a8\">Semestre Ingreso: 2025-1<\/p>\n<\/div><\/div>\n\n\n\n<p>&#8211;<\/p>\n\n\n\n<h5 class=\"wp-block-heading has-black-color has-text-color has-link-color wp-elements-c2d728d31558c387161e25286a955112\">Egresados<\/h5>\n\n\n\n<div class=\"wp-block-media-text is-stacked-on-mobile\" style=\"grid-template-columns:31% auto\"><figure class=\"wp-block-media-text__media\"><img loading=\"lazy\" decoding=\"async\" width=\"488\" height=\"651\" src=\"http:\/\/lcgpa.ubiobio.cl\/wp-content\/uploads\/2024\/04\/Captura-de-pantalla-2024-04-29-121025-edited.png\" alt=\"\" class=\"wp-image-1466 size-full\" srcset=\"http:\/\/lcgpa.ubiobio.cl\/wp-content\/uploads\/2024\/04\/Captura-de-pantalla-2024-04-29-121025-edited.png 488w, http:\/\/lcgpa.ubiobio.cl\/wp-content\/uploads\/2024\/04\/Captura-de-pantalla-2024-04-29-121025-edited-225x300.png 225w\" sizes=\"auto, (max-width: 488px) 100vw, 488px\" \/><\/figure><div class=\"wp-block-media-text__content\">\n<p class=\"has-black-color has-text-color has-link-color has-medium-font-size wp-elements-354f994eeee7a3855f8f0656a0b428ec\"><strong>Dr.  Diego Venegas Vascones<\/strong><\/p>\n\n\n\n<p class=\"has-small-font-size\">Semestre Egreso: 2024-1<\/p>\n<\/div><\/div>\n\n\n\n<p>&#8211;<\/p>\n\n\n\n<div class=\"wp-block-media-text is-stacked-on-mobile\" style=\"grid-template-columns:31% auto\"><figure class=\"wp-block-media-text__media\"><img loading=\"lazy\" decoding=\"async\" width=\"1024\" height=\"683\" src=\"http:\/\/lcgpa.ubiobio.cl\/wp-content\/uploads\/2024\/08\/DSC0381-1024x683.jpg\" alt=\"\" class=\"wp-image-1604 size-full\" srcset=\"http:\/\/lcgpa.ubiobio.cl\/wp-content\/uploads\/2024\/08\/DSC0381-1024x683.jpg 1024w, http:\/\/lcgpa.ubiobio.cl\/wp-content\/uploads\/2024\/08\/DSC0381-300x200.jpg 300w, http:\/\/lcgpa.ubiobio.cl\/wp-content\/uploads\/2024\/08\/DSC0381-768x512.jpg 768w, http:\/\/lcgpa.ubiobio.cl\/wp-content\/uploads\/2024\/08\/DSC0381-1536x1024.jpg 1536w, http:\/\/lcgpa.ubiobio.cl\/wp-content\/uploads\/2024\/08\/DSC0381-2048x1365.jpg 2048w\" sizes=\"auto, (max-width: 1024px) 100vw, 1024px\" \/><\/figure><div class=\"wp-block-media-text__content\">\n<p class=\"has-black-color has-text-color has-link-color has-medium-font-size wp-elements-989e4cfee7e739d79afcf612d190fb1a\"><strong>Dr. Kevin John Fern\u00e1ndez Andrade<\/strong><\/p>\n\n\n\n<p class=\"has-small-font-size\">Semestre Egreso: 2026-1<\/p>\n<\/div><\/div>\n","protected":false},"excerpt":{"rendered":"<p>Postdoctorado Universidad del B\u00edo-B\u00edo Dr. \u00d3scar Pinto Burgos Ingeniero Civil Qu\u00edmicoIngreso: 2025-1L\u00ednea de Investigaci\u00f3n: Materiales Carbonosos para electroqu\u00edmica y cat\u00e1lisis. &#8211; Doctorado en Ingenier\u00eda de Materiales y Procesos Sustentables &#8211; Dr. (c) Basti\u00e1n Estefano Puentes Navarro Semestre Ingreso: 2022-2 &#8211; Dr. (c) Carlos Andre\u00e9 Romero Unda Semestre Ingreso: 2023-1 &#8211; Romina Vivallo Valenzuela Semestre Ingreso: &hellip; <a href=\"http:\/\/lcgpa.ubiobio.cl\/index.php\/alumnos-postgrado-2\/\" class=\"more-link\">Continue reading <span class=\"screen-reader-text\">Estudiantes Postgrado<\/span><\/a><\/p>\n","protected":false},"author":1,"featured_media":0,"parent":0,"menu_order":0,"comment_status":"closed","ping_status":"closed","template":"","meta":{"footnotes":""},"class_list":["post-791","page","type-page","status-publish","hentry"],"_links":{"self":[{"href":"http:\/\/lcgpa.ubiobio.cl\/index.php\/wp-json\/wp\/v2\/pages\/791","targetHints":{"allow":["GET"]}}],"collection":[{"href":"http:\/\/lcgpa.ubiobio.cl\/index.php\/wp-json\/wp\/v2\/pages"}],"about":[{"href":"http:\/\/lcgpa.ubiobio.cl\/index.php\/wp-json\/wp\/v2\/types\/page"}],"author":[{"embeddable":true,"href":"http:\/\/lcgpa.ubiobio.cl\/index.php\/wp-json\/wp\/v2\/users\/1"}],"replies":[{"embeddable":true,"href":"http:\/\/lcgpa.ubiobio.cl\/index.php\/wp-json\/wp\/v2\/comments?post=791"}],"version-history":[{"count":29,"href":"http:\/\/lcgpa.ubiobio.cl\/index.php\/wp-json\/wp\/v2\/pages\/791\/revisions"}],"predecessor-version":[{"id":1755,"href":"http:\/\/lcgpa.ubiobio.cl\/index.php\/wp-json\/wp\/v2\/pages\/791\/revisions\/1755"}],"wp:attachment":[{"href":"http:\/\/lcgpa.ubiobio.cl\/index.php\/wp-json\/wp\/v2\/media?parent=791"}],"curies":[{"name":"wp","href":"https:\/\/api.w.org\/{rel}","templated":true}]}}