{"id":792,"date":"2021-11-22T01:45:22","date_gmt":"2021-11-22T01:45:22","guid":{"rendered":"http:\/\/lcgpa.ubiobio.cl\/?page_id=792"},"modified":"2021-11-25T00:49:44","modified_gmt":"2021-11-25T00:49:44","slug":"infraestructura-y-equipos-2","status":"publish","type":"page","link":"http:\/\/lcgpa.ubiobio.cl\/index.php\/infraestructura-y-equipos-2\/","title":{"rendered":"Infraestructura y Equipos"},"content":{"rendered":"\n<div class=\"wp-block-columns is-layout-flex wp-container-core-columns-is-layout-9d6595d7 wp-block-columns-is-layout-flex\">\n<div class=\"wp-block-column is-layout-flow wp-block-column-is-layout-flow\" style=\"flex-basis:50%\">\n<div class=\"wp-block-cover has-background-dim\" style=\"min-height:580px;aspect-ratio:unset;\"><img loading=\"lazy\" decoding=\"async\" width=\"1134\" height=\"756\" class=\"wp-block-cover__image-background wp-image-339\" alt=\"\" src=\"http:\/\/lcgpa.ubiobio.cl\/wp-content\/uploads\/2021\/11\/vrip-lab-3.jpg\" data-object-fit=\"cover\" srcset=\"http:\/\/lcgpa.ubiobio.cl\/wp-content\/uploads\/2021\/11\/vrip-lab-3.jpg 1134w, http:\/\/lcgpa.ubiobio.cl\/wp-content\/uploads\/2021\/11\/vrip-lab-3-300x200.jpg 300w, http:\/\/lcgpa.ubiobio.cl\/wp-content\/uploads\/2021\/11\/vrip-lab-3-1024x683.jpg 1024w, http:\/\/lcgpa.ubiobio.cl\/wp-content\/uploads\/2021\/11\/vrip-lab-3-768x512.jpg 768w\" sizes=\"auto, (max-width: 1134px) 100vw, 1134px\" \/><div class=\"wp-block-cover__inner-container is-layout-flow wp-block-cover-is-layout-flow\">\n<p class=\"has-large-font-size\"><\/p>\n<\/div><\/div>\n<\/div>\n\n\n\n<div class=\"wp-block-column is-layout-flow wp-block-column-is-layout-flow\" style=\"flex-basis:50%\">\n<h3 class=\"has-text-align-left has-pale-cyan-blue-background-color has-background has-normal-font-size wp-block-heading\" id=\"laboratorio\"><strong>INFRAESTRUCTURA<\/strong><\/h3>\n\n\n\n<div class=\"wp-block-buttons is-content-justification-center is-layout-flex wp-block-buttons-is-layout-flex\">\n<div class=\"wp-block-button has-custom-width wp-block-button__width-50 has-custom-font-size is-style-outline has-small-font-size is-style-outline--1\"><a class=\"wp-block-button__link has-white-color has-text-color has-background\" href=\"https:\/\/www.gourban.cl\/tours\/laboratorioLCGPA_\/\" style=\"background-color:#00588b\"><strong>Laboratorio 360\u00b0<\/strong><\/a><\/div>\n<\/div>\n\n\n\n<h4 class=\"has-small-font-size wp-block-heading\"><strong>Ubicaci\u00f3n:<\/strong>&nbsp;<\/h4>\n\n\n\n<p class=\"has-black-color has-text-color has-small-font-size\">Laboratorio de Adhesivos y Materiales Compuestos, a un costado del Centro de Biomateriales y Nanotecnolog\u00eda.<br><br><strong>Direcci\u00f3n:<\/strong>&nbsp;Avenida Ignacio Collao #1202, Concepci\u00f3n, Chile.<\/p>\n\n\n\n<div class=\"wp-block-buttons is-content-justification-center is-layout-flex wp-block-buttons-is-layout-flex\">\n<div class=\"wp-block-button has-custom-width wp-block-button__width-50 is-style-outline is-style-outline--2\"><a class=\"wp-block-button__link has-white-background-color has-text-color has-background\" href=\"http:\/\/lcgpa.ubiobio.cl\/index.php\/infraestructura-2\/\" style=\"color:#006f13\"><strong>Ver m\u00e1s<\/strong><\/a><\/div>\n<\/div>\n\n\n\n<figure class=\"wp-block-gallery columns-2 is-cropped wp-block-gallery-3 is-layout-flex wp-block-gallery-is-layout-flex\"><ul class=\"blocks-gallery-grid\"><li class=\"blocks-gallery-item\"><figure><img loading=\"lazy\" decoding=\"async\" width=\"1024\" height=\"768\" src=\"http:\/\/lcgpa.ubiobio.cl\/wp-content\/uploads\/2021\/11\/20190129_085608-1024x768.jpg\" alt=\"\" data-id=\"346\" data-full-url=\"http:\/\/lcgpa.ubiobio.cl\/wp-content\/uploads\/2021\/11\/20190129_085608-scaled.jpg\" data-link=\"http:\/\/lcgpa.ubiobio.cl\/20190129_085608\/\" class=\"wp-image-346\" srcset=\"http:\/\/lcgpa.ubiobio.cl\/wp-content\/uploads\/2021\/11\/20190129_085608-1024x768.jpg 1024w, http:\/\/lcgpa.ubiobio.cl\/wp-content\/uploads\/2021\/11\/20190129_085608-300x225.jpg 300w, http:\/\/lcgpa.ubiobio.cl\/wp-content\/uploads\/2021\/11\/20190129_085608-768x576.jpg 768w, http:\/\/lcgpa.ubiobio.cl\/wp-content\/uploads\/2021\/11\/20190129_085608-1536x1152.jpg 1536w, http:\/\/lcgpa.ubiobio.cl\/wp-content\/uploads\/2021\/11\/20190129_085608-2048x1536.jpg 2048w, http:\/\/lcgpa.ubiobio.cl\/wp-content\/uploads\/2021\/11\/20190129_085608-1200x900.jpg 1200w, http:\/\/lcgpa.ubiobio.cl\/wp-content\/uploads\/2021\/11\/20190129_085608-1980x1485.jpg 1980w\" sizes=\"auto, (max-width: 1024px) 100vw, 1024px\" \/><\/figure><\/li><li class=\"blocks-gallery-item\"><figure><img loading=\"lazy\" decoding=\"async\" width=\"1024\" height=\"768\" src=\"http:\/\/lcgpa.ubiobio.cl\/wp-content\/uploads\/2021\/11\/20181113_173408-1024x768.jpg\" alt=\"\" data-id=\"351\" data-full-url=\"http:\/\/lcgpa.ubiobio.cl\/wp-content\/uploads\/2021\/11\/20181113_173408-scaled.jpg\" data-link=\"http:\/\/lcgpa.ubiobio.cl\/20181113_173408\/\" class=\"wp-image-351\" srcset=\"http:\/\/lcgpa.ubiobio.cl\/wp-content\/uploads\/2021\/11\/20181113_173408-1024x768.jpg 1024w, http:\/\/lcgpa.ubiobio.cl\/wp-content\/uploads\/2021\/11\/20181113_173408-300x225.jpg 300w, http:\/\/lcgpa.ubiobio.cl\/wp-content\/uploads\/2021\/11\/20181113_173408-768x576.jpg 768w, http:\/\/lcgpa.ubiobio.cl\/wp-content\/uploads\/2021\/11\/20181113_173408-1536x1152.jpg 1536w, http:\/\/lcgpa.ubiobio.cl\/wp-content\/uploads\/2021\/11\/20181113_173408-2048x1536.jpg 2048w, http:\/\/lcgpa.ubiobio.cl\/wp-content\/uploads\/2021\/11\/20181113_173408-1200x900.jpg 1200w, http:\/\/lcgpa.ubiobio.cl\/wp-content\/uploads\/2021\/11\/20181113_173408-1980x1485.jpg 1980w\" sizes=\"auto, (max-width: 1024px) 100vw, 1024px\" \/><\/figure><\/li><\/ul><\/figure>\n<\/div>\n<\/div>\n\n\n\n<h3 class=\"has-pale-cyan-blue-background-color has-background has-normal-font-size wp-block-heading\" id=\"equipos-disponibles\">EQUIPOS DISPONIBLES<\/h3>\n\n\n\n<p class=\"has-black-color has-text-color\">El Laboratorio de Cromatograf\u00eda Gaseosa y Pir\u00f3lisis Anal\u00edtica cuenta con un basto equipamiento para la realizaci\u00f3n de sus experimentos y ensayos, entre estos destaca el sistema de pir\u00f3lisis anal\u00edtica Py-GC\/MS.<\/p>\n\n\n\n<div class=\"wp-block-buttons is-content-justification-center is-layout-flex wp-block-buttons-is-layout-flex\">\n<div class=\"wp-block-button has-custom-width wp-block-button__width-25 is-style-outline is-style-outline--4\"><a class=\"wp-block-button__link has-white-color has-text-color has-background\" href=\"http:\/\/lcgpa.ubiobio.cl\/index.php\/equipos-2\/\" style=\"background-color:#00619d\"><strong>Ver m\u00e1s<\/strong><\/a><\/div>\n<\/div>\n\n\n\n<figure class=\"wp-block-gallery columns-2 is-cropped wp-block-gallery-5 is-layout-flex wp-block-gallery-is-layout-flex\"><ul class=\"blocks-gallery-grid\"><li class=\"blocks-gallery-item\"><figure><img loading=\"lazy\" decoding=\"async\" width=\"1024\" height=\"683\" src=\"http:\/\/lcgpa.ubiobio.cl\/wp-content\/uploads\/2021\/11\/vrip-lab-2-2-1024x683.jpg\" alt=\"\" data-id=\"374\" data-full-url=\"http:\/\/lcgpa.ubiobio.cl\/wp-content\/uploads\/2021\/11\/vrip-lab-2-2.jpg\" data-link=\"http:\/\/lcgpa.ubiobio.cl\/vrip-lab-2-2\/\" class=\"wp-image-374\" srcset=\"http:\/\/lcgpa.ubiobio.cl\/wp-content\/uploads\/2021\/11\/vrip-lab-2-2-1024x683.jpg 1024w, http:\/\/lcgpa.ubiobio.cl\/wp-content\/uploads\/2021\/11\/vrip-lab-2-2-300x200.jpg 300w, http:\/\/lcgpa.ubiobio.cl\/wp-content\/uploads\/2021\/11\/vrip-lab-2-2-768x512.jpg 768w, http:\/\/lcgpa.ubiobio.cl\/wp-content\/uploads\/2021\/11\/vrip-lab-2-2.jpg 1134w\" sizes=\"auto, (max-width: 1024px) 100vw, 1024px\" \/><\/figure><\/li><li class=\"blocks-gallery-item\"><figure><img loading=\"lazy\" decoding=\"async\" width=\"957\" height=\"504\" src=\"http:\/\/lcgpa.ubiobio.cl\/wp-content\/uploads\/2021\/11\/lgcpa-1.png\" alt=\"\" data-id=\"195\" data-full-url=\"http:\/\/lcgpa.ubiobio.cl\/wp-content\/uploads\/2021\/11\/lgcpa-1.png\" data-link=\"http:\/\/lcgpa.ubiobio.cl\/lgcpa-1\/\" class=\"wp-image-195\" srcset=\"http:\/\/lcgpa.ubiobio.cl\/wp-content\/uploads\/2021\/11\/lgcpa-1.png 957w, http:\/\/lcgpa.ubiobio.cl\/wp-content\/uploads\/2021\/11\/lgcpa-1-300x158.png 300w, http:\/\/lcgpa.ubiobio.cl\/wp-content\/uploads\/2021\/11\/lgcpa-1-768x404.png 768w\" sizes=\"auto, (max-width: 957px) 100vw, 957px\" \/><\/figure><\/li><\/ul><\/figure>\n","protected":false},"excerpt":{"rendered":"<p>INFRAESTRUCTURA Ubicaci\u00f3n:&nbsp; Laboratorio de Adhesivos y Materiales Compuestos, a un costado del Centro de Biomateriales y Nanotecnolog\u00eda. Direcci\u00f3n:&nbsp;Avenida Ignacio Collao #1202, Concepci\u00f3n, Chile. EQUIPOS DISPONIBLES El Laboratorio de Cromatograf\u00eda Gaseosa y Pir\u00f3lisis Anal\u00edtica cuenta con un basto equipamiento para la realizaci\u00f3n de sus experimentos y ensayos, entre estos destaca el sistema de pir\u00f3lisis anal\u00edtica Py-GC\/MS.<\/p>\n","protected":false},"author":1,"featured_media":0,"parent":0,"menu_order":0,"comment_status":"closed","ping_status":"closed","template":"full-width-page.php","meta":{"footnotes":""},"class_list":["post-792","page","type-page","status-publish","hentry"],"_links":{"self":[{"href":"http:\/\/lcgpa.ubiobio.cl\/index.php\/wp-json\/wp\/v2\/pages\/792","targetHints":{"allow":["GET"]}}],"collection":[{"href":"http:\/\/lcgpa.ubiobio.cl\/index.php\/wp-json\/wp\/v2\/pages"}],"about":[{"href":"http:\/\/lcgpa.ubiobio.cl\/index.php\/wp-json\/wp\/v2\/types\/page"}],"author":[{"embeddable":true,"href":"http:\/\/lcgpa.ubiobio.cl\/index.php\/wp-json\/wp\/v2\/users\/1"}],"replies":[{"embeddable":true,"href":"http:\/\/lcgpa.ubiobio.cl\/index.php\/wp-json\/wp\/v2\/comments?post=792"}],"version-history":[{"count":17,"href":"http:\/\/lcgpa.ubiobio.cl\/index.php\/wp-json\/wp\/v2\/pages\/792\/revisions"}],"predecessor-version":[{"id":1008,"href":"http:\/\/lcgpa.ubiobio.cl\/index.php\/wp-json\/wp\/v2\/pages\/792\/revisions\/1008"}],"wp:attachment":[{"href":"http:\/\/lcgpa.ubiobio.cl\/index.php\/wp-json\/wp\/v2\/media?parent=792"}],"curies":[{"name":"wp","href":"https:\/\/api.w.org\/{rel}","templated":true}]}}