{"id":793,"date":"2021-11-22T01:45:22","date_gmt":"2021-11-22T01:45:22","guid":{"rendered":"http:\/\/lcgpa.ubiobio.cl\/?page_id=793"},"modified":"2021-11-25T00:51:10","modified_gmt":"2021-11-25T00:51:10","slug":"infraestructura-2","status":"publish","type":"page","link":"http:\/\/lcgpa.ubiobio.cl\/index.php\/infraestructura-2\/","title":{"rendered":"Infraestructura"},"content":{"rendered":"\n<div class=\"wp-block-media-text alignwide has-media-on-the-right is-stacked-on-mobile is-image-fill\" style=\"grid-template-columns:auto 38%\"><figure class=\"wp-block-media-text__media\" style=\"background-image:url(http:\/\/lcgpa.ubiobio.cl\/wp-content\/uploads\/2021\/11\/vrip-lab-7-1-1024x683.jpg);background-position:50% 50%\"><img loading=\"lazy\" decoding=\"async\" width=\"1024\" height=\"683\" src=\"http:\/\/lcgpa.ubiobio.cl\/wp-content\/uploads\/2021\/11\/vrip-lab-7-1-1024x683.jpg\" alt=\"\" class=\"wp-image-335 size-full\" srcset=\"http:\/\/lcgpa.ubiobio.cl\/wp-content\/uploads\/2021\/11\/vrip-lab-7-1-1024x683.jpg 1024w, http:\/\/lcgpa.ubiobio.cl\/wp-content\/uploads\/2021\/11\/vrip-lab-7-1-300x200.jpg 300w, http:\/\/lcgpa.ubiobio.cl\/wp-content\/uploads\/2021\/11\/vrip-lab-7-1-768x512.jpg 768w, http:\/\/lcgpa.ubiobio.cl\/wp-content\/uploads\/2021\/11\/vrip-lab-7-1.jpg 1134w\" sizes=\"auto, (max-width: 1024px) 100vw, 1024px\" \/><\/figure><div class=\"wp-block-media-text__content\">\n<h2 class=\"has-black-color has-text-color wp-block-heading\" id=\"laboratorio\"><strong>LABORATORIO<\/strong><\/h2>\n\n\n\n<div class=\"wp-block-buttons is-content-justification-space-between is-layout-flex wp-block-buttons-is-layout-flex\">\n<div class=\"wp-block-button has-custom-width wp-block-button__width-50 has-custom-font-size is-style-fill has-small-font-size\"><a class=\"wp-block-button__link has-vivid-cyan-blue-background-color has-background\" href=\"https:\/\/www.gourban.cl\/tours\/laboratorioLCGPA_\/\"><strong>Tour 360\u00b0<\/strong><\/a><\/div>\n<\/div>\n\n\n\n<p class=\"has-black-color has-text-color\"><strong>Ubicaci\u00f3n:<\/strong>&nbsp;Laboratorio de Adhesivos y Materiales Compuestos, a un costado del Centro de Biomateriales y Nanotecnolog\u00eda (CBN).<br><br><strong>Direcci\u00f3n:<\/strong>&nbsp;Avenida Ignacio Collao #1202, Concepci\u00f3n, Chile.<\/p>\n\n\n\n<h4 class=\"wp-block-heading\" id=\"proyecto-fondequip-eqm-170077\"><strong>PROYECTO FONDEQUIP EQM 170077<\/strong><\/h4>\n\n\n\n<p class=\"has-drop-cap has-black-color has-text-color\">El equipamiento del Laboratorio de Cromatograf\u00eda Gaseosa y Pir\u00f3lisis Anal\u00edtica es resultado del Proyecto FONDEQUIP EQM 170077, proyecto para el fortalecimiento de las capacidades anal\u00edticas para el desarrollo de biomateriales y biocombustibles en las regiones del B\u00edo-B\u00edo y la Araucan\u00eda, a trav\u00e9s de un Micropirolizador y ATD acoplados a un sistema GC\/MS.<\/p>\n\n\n\n<ul id=\"block-b808fd91-9a07-409b-a53e-abdcc7f61d79\" class=\"has-black-color has-text-color wp-block-list\"><li><strong>Coordinador<\/strong>: Dr. Serguei Alejandro Martin<\/li><li><strong>Email de contacto:<\/strong>&nbsp;<em>salejandro@ubiobio.cl<\/em><\/li><li><strong>Tel\u00e9fono de contacto laboratorio<\/strong>: +41 311 1276<\/li><\/ul>\n\n\n\n<h3 class=\"wp-block-heading\" id=\"servicios-ofrecidos\">Servicios Ofrecidos<\/h3>\n\n\n\n<ul class=\"has-black-color has-text-color wp-block-list\"><li>Caracterizaci\u00f3n de Muestras (S\u00f3lidas, L\u00edquidas y Gaseosas). <\/li><\/ul>\n<\/div><\/div>\n\n\n\n<figure class=\"wp-block-gallery aligncenter columns-3 is-cropped wp-block-gallery-1 is-layout-flex wp-block-gallery-is-layout-flex\"><ul class=\"blocks-gallery-grid\"><li class=\"blocks-gallery-item\"><figure><a href=\"http:\/\/lcgpa.ubiobio.cl\/wp-content\/uploads\/2021\/11\/icq.png\"><img loading=\"lazy\" decoding=\"async\" width=\"512\" height=\"512\" src=\"http:\/\/lcgpa.ubiobio.cl\/wp-content\/uploads\/2021\/11\/icq.png\" alt=\"\" data-id=\"253\" data-full-url=\"http:\/\/lcgpa.ubiobio.cl\/wp-content\/uploads\/2021\/11\/icq.png\" data-link=\"http:\/\/lcgpa.ubiobio.cl\/?attachment_id=253\" class=\"wp-image-253\" srcset=\"http:\/\/lcgpa.ubiobio.cl\/wp-content\/uploads\/2021\/11\/icq.png 512w, http:\/\/lcgpa.ubiobio.cl\/wp-content\/uploads\/2021\/11\/icq-300x300.png 300w, http:\/\/lcgpa.ubiobio.cl\/wp-content\/uploads\/2021\/11\/icq-150x150.png 150w\" sizes=\"auto, (max-width: 512px) 100vw, 512px\" \/><\/a><\/figure><\/li><li class=\"blocks-gallery-item\"><figure><a href=\"http:\/\/lcgpa.ubiobio.cl\/wp-content\/uploads\/2021\/11\/cropped-cropped-cropped-3-3.png\"><img loading=\"lazy\" decoding=\"async\" width=\"512\" height=\"512\" src=\"http:\/\/lcgpa.ubiobio.cl\/wp-content\/uploads\/2021\/11\/cropped-cropped-cropped-3-3.png\" alt=\"\" data-id=\"836\" data-full-url=\"http:\/\/lcgpa.ubiobio.cl\/wp-content\/uploads\/2021\/11\/cropped-cropped-cropped-3-3.png\" data-link=\"http:\/\/lcgpa.ubiobio.cl\/cropped-cropped-cropped-3-3-png\/\" class=\"wp-image-836\" srcset=\"http:\/\/lcgpa.ubiobio.cl\/wp-content\/uploads\/2021\/11\/cropped-cropped-cropped-3-3.png 512w, http:\/\/lcgpa.ubiobio.cl\/wp-content\/uploads\/2021\/11\/cropped-cropped-cropped-3-3-300x300.png 300w, http:\/\/lcgpa.ubiobio.cl\/wp-content\/uploads\/2021\/11\/cropped-cropped-cropped-3-3-150x150.png 150w, http:\/\/lcgpa.ubiobio.cl\/wp-content\/uploads\/2021\/11\/cropped-cropped-cropped-3-3-270x270.png 270w, http:\/\/lcgpa.ubiobio.cl\/wp-content\/uploads\/2021\/11\/cropped-cropped-cropped-3-3-192x192.png 192w, http:\/\/lcgpa.ubiobio.cl\/wp-content\/uploads\/2021\/11\/cropped-cropped-cropped-3-3-180x180.png 180w, http:\/\/lcgpa.ubiobio.cl\/wp-content\/uploads\/2021\/11\/cropped-cropped-cropped-3-3-32x32.png 32w\" sizes=\"auto, (max-width: 512px) 100vw, 512px\" \/><\/a><\/figure><\/li><li class=\"blocks-gallery-item\"><figure><a href=\"http:\/\/lcgpa.ubiobio.cl\/wp-content\/uploads\/2021\/11\/logo-doctorado-en-ing-materiales-preocesos-sutentables_final-01-1-scaled.jpg\"><img loading=\"lazy\" decoding=\"async\" width=\"2560\" height=\"1978\" src=\"http:\/\/lcgpa.ubiobio.cl\/wp-content\/uploads\/2021\/11\/logo-doctorado-en-ing-materiales-preocesos-sutentables_final-01-1-scaled.jpg\" alt=\"\" data-id=\"369\" data-full-url=\"http:\/\/lcgpa.ubiobio.cl\/wp-content\/uploads\/2021\/11\/logo-doctorado-en-ing-materiales-preocesos-sutentables_final-01-1-scaled.jpg\" data-link=\"http:\/\/lcgpa.ubiobio.cl\/logo-doctorado-en-ing-materiales-preocesos-sutentables_final-01-1\/\" class=\"wp-image-369\" srcset=\"http:\/\/lcgpa.ubiobio.cl\/wp-content\/uploads\/2021\/11\/logo-doctorado-en-ing-materiales-preocesos-sutentables_final-01-1-scaled.jpg 2560w, http:\/\/lcgpa.ubiobio.cl\/wp-content\/uploads\/2021\/11\/logo-doctorado-en-ing-materiales-preocesos-sutentables_final-01-1-300x232.jpg 300w, http:\/\/lcgpa.ubiobio.cl\/wp-content\/uploads\/2021\/11\/logo-doctorado-en-ing-materiales-preocesos-sutentables_final-01-1-1024x791.jpg 1024w, http:\/\/lcgpa.ubiobio.cl\/wp-content\/uploads\/2021\/11\/logo-doctorado-en-ing-materiales-preocesos-sutentables_final-01-1-768x593.jpg 768w, http:\/\/lcgpa.ubiobio.cl\/wp-content\/uploads\/2021\/11\/logo-doctorado-en-ing-materiales-preocesos-sutentables_final-01-1-1536x1187.jpg 1536w, http:\/\/lcgpa.ubiobio.cl\/wp-content\/uploads\/2021\/11\/logo-doctorado-en-ing-materiales-preocesos-sutentables_final-01-1-2048x1583.jpg 2048w, http:\/\/lcgpa.ubiobio.cl\/wp-content\/uploads\/2021\/11\/logo-doctorado-en-ing-materiales-preocesos-sutentables_final-01-1-1200x927.jpg 1200w, http:\/\/lcgpa.ubiobio.cl\/wp-content\/uploads\/2021\/11\/logo-doctorado-en-ing-materiales-preocesos-sutentables_final-01-1-1980x1530.jpg 1980w\" sizes=\"auto, (max-width: 2560px) 100vw, 2560px\" \/><\/a><\/figure><\/li><\/ul><\/figure>\n","protected":false},"excerpt":{"rendered":"","protected":false},"author":1,"featured_media":0,"parent":0,"menu_order":0,"comment_status":"closed","ping_status":"closed","template":"panel-page.php","meta":{"footnotes":""},"class_list":["post-793","page","type-page","status-publish","hentry"],"_links":{"self":[{"href":"http:\/\/lcgpa.ubiobio.cl\/index.php\/wp-json\/wp\/v2\/pages\/793","targetHints":{"allow":["GET"]}}],"collection":[{"href":"http:\/\/lcgpa.ubiobio.cl\/index.php\/wp-json\/wp\/v2\/pages"}],"about":[{"href":"http:\/\/lcgpa.ubiobio.cl\/index.php\/wp-json\/wp\/v2\/types\/page"}],"author":[{"embeddable":true,"href":"http:\/\/lcgpa.ubiobio.cl\/index.php\/wp-json\/wp\/v2\/users\/1"}],"replies":[{"embeddable":true,"href":"http:\/\/lcgpa.ubiobio.cl\/index.php\/wp-json\/wp\/v2\/comments?post=793"}],"version-history":[{"count":9,"href":"http:\/\/lcgpa.ubiobio.cl\/index.php\/wp-json\/wp\/v2\/pages\/793\/revisions"}],"predecessor-version":[{"id":1009,"href":"http:\/\/lcgpa.ubiobio.cl\/index.php\/wp-json\/wp\/v2\/pages\/793\/revisions\/1009"}],"wp:attachment":[{"href":"http:\/\/lcgpa.ubiobio.cl\/index.php\/wp-json\/wp\/v2\/media?parent=793"}],"curies":[{"name":"wp","href":"https:\/\/api.w.org\/{rel}","templated":true}]}}