{"id":797,"date":"2021-11-22T01:45:22","date_gmt":"2021-11-22T01:45:22","guid":{"rendered":"http:\/\/lcgpa.ubiobio.cl\/?page_id=797"},"modified":"2022-05-24T16:45:01","modified_gmt":"2022-05-24T16:45:01","slug":"contacto","status":"publish","type":"page","link":"http:\/\/lcgpa.ubiobio.cl\/index.php\/contacto\/","title":{"rendered":"Contacto"},"content":{"rendered":"\n<div class=\"wp-block-columns alignwide has-2-columns is-layout-flex wp-container-core-columns-is-layout-9d6595d7 wp-block-columns-is-layout-flex\">\n<div class=\"wp-block-column is-layout-flow wp-block-column-is-layout-flow\">\n<h3 class=\"has-text-align-left has-black-color has-text-color has-small-font-size wp-block-heading\" id=\"ponte-en-contacto\"><\/h3>\n\n\n\n<div class=\"wp-block-media-text alignwide is-stacked-on-mobile is-image-fill\" style=\"grid-template-columns:41% auto\"><figure class=\"wp-block-media-text__media\" style=\"background-image:url(http:\/\/lcgpa.ubiobio.cl\/wp-content\/uploads\/2021\/11\/cropped-cropped-3-3-1024x1024.png);background-position:50% 50%\"><img loading=\"lazy\" decoding=\"async\" width=\"1024\" height=\"1024\" src=\"http:\/\/lcgpa.ubiobio.cl\/wp-content\/uploads\/2021\/11\/cropped-cropped-3-3-1024x1024.png\" alt=\"\" class=\"wp-image-835 size-full\" srcset=\"http:\/\/lcgpa.ubiobio.cl\/wp-content\/uploads\/2021\/11\/cropped-cropped-3-3-1024x1024.png 1024w, http:\/\/lcgpa.ubiobio.cl\/wp-content\/uploads\/2021\/11\/cropped-cropped-3-3-300x300.png 300w, http:\/\/lcgpa.ubiobio.cl\/wp-content\/uploads\/2021\/11\/cropped-cropped-3-3-150x150.png 150w, http:\/\/lcgpa.ubiobio.cl\/wp-content\/uploads\/2021\/11\/cropped-cropped-3-3-768x768.png 768w, http:\/\/lcgpa.ubiobio.cl\/wp-content\/uploads\/2021\/11\/cropped-cropped-3-3-1536x1536.png 1536w, http:\/\/lcgpa.ubiobio.cl\/wp-content\/uploads\/2021\/11\/cropped-cropped-3-3.png 1622w\" sizes=\"auto, (max-width: 1024px) 100vw, 1024px\" \/><\/figure><div class=\"wp-block-media-text__content\">\n<p class=\"has-white-color has-vivid-cyan-blue-background-color has-text-color has-background has-medium-font-size\"><strong> \u00a1Hola! No dudes en ponerte en contacto con nosotros mediante la informaci\u00f3n de contacto que se encuentra a continuaci\u00f3n, o env\u00edanos un mensaje.<\/strong>  <\/p>\n<\/div><\/div>\n<\/div>\n<\/div>\n\n\n\n<ul class=\"has-black-color has-white-background-color has-text-color has-background has-normal-font-size wp-block-list\"><li><strong>Direcci\u00f3n<\/strong>: <a rel=\"noreferrer noopener\" href=\"https:\/\/www.google.com\/maps\/search\/Avenida+Ignacio%20Collao%20#1202,%20Casilla%205-C,+Concepci%C3%B3n,+Regi%C3%B3n%20del%20B%C3%ADo-B%C3%ADo,+4030000+Chile\" target=\"_blank\">Avenida Ignacio Collao #1202, Casilla 5-C, Concepci\u00f3n,\u00a0Regi\u00f3n del B\u00edo-B\u00edo\u00a04030000 Chile<\/a><\/li><li><strong>email<\/strong>: <a href=\"mailto:salejandro@ubiobio.cl\">salejandro@ubiobio.cl<\/a> <\/li><li><strong>Tel\u00e9fono<\/strong>: +41 311 1168<\/li><\/ul>\n\n\n\n<p><\/p>\n","protected":false},"excerpt":{"rendered":"<p>\u00a1Hola! No dudes en ponerte en contacto con nosotros mediante la informaci\u00f3n de contacto que se encuentra a continuaci\u00f3n, o env\u00edanos un mensaje. Direcci\u00f3n: Avenida Ignacio Collao #1202, Casilla 5-C, Concepci\u00f3n,\u00a0Regi\u00f3n del B\u00edo-B\u00edo\u00a04030000 Chile email: salejandro@ubiobio.cl Tel\u00e9fono: +41 311 1168<\/p>\n","protected":false},"author":1,"featured_media":353,"parent":0,"menu_order":0,"comment_status":"closed","ping_status":"closed","template":"full-width-page.php","meta":{"footnotes":""},"class_list":["post-797","page","type-page","status-publish","has-post-thumbnail","hentry"],"_links":{"self":[{"href":"http:\/\/lcgpa.ubiobio.cl\/index.php\/wp-json\/wp\/v2\/pages\/797","targetHints":{"allow":["GET"]}}],"collection":[{"href":"http:\/\/lcgpa.ubiobio.cl\/index.php\/wp-json\/wp\/v2\/pages"}],"about":[{"href":"http:\/\/lcgpa.ubiobio.cl\/index.php\/wp-json\/wp\/v2\/types\/page"}],"author":[{"embeddable":true,"href":"http:\/\/lcgpa.ubiobio.cl\/index.php\/wp-json\/wp\/v2\/users\/1"}],"replies":[{"embeddable":true,"href":"http:\/\/lcgpa.ubiobio.cl\/index.php\/wp-json\/wp\/v2\/comments?post=797"}],"version-history":[{"count":13,"href":"http:\/\/lcgpa.ubiobio.cl\/index.php\/wp-json\/wp\/v2\/pages\/797\/revisions"}],"predecessor-version":[{"id":1145,"href":"http:\/\/lcgpa.ubiobio.cl\/index.php\/wp-json\/wp\/v2\/pages\/797\/revisions\/1145"}],"wp:featuredmedia":[{"embeddable":true,"href":"http:\/\/lcgpa.ubiobio.cl\/index.php\/wp-json\/wp\/v2\/media\/353"}],"wp:attachment":[{"href":"http:\/\/lcgpa.ubiobio.cl\/index.php\/wp-json\/wp\/v2\/media?parent=797"}],"curies":[{"name":"wp","href":"https:\/\/api.w.org\/{rel}","templated":true}]}}