{"id":798,"date":"2021-11-22T01:45:22","date_gmt":"2021-11-22T01:45:22","guid":{"rendered":"http:\/\/lcgpa.ubiobio.cl\/?page_id=798"},"modified":"2026-05-05T17:23:59","modified_gmt":"2026-05-05T17:23:59","slug":"sobre-nosotros","status":"publish","type":"page","link":"http:\/\/lcgpa.ubiobio.cl\/index.php\/sobre-nosotros\/","title":{"rendered":"Sobre Nosotros"},"content":{"rendered":"\n<p><\/p>\n\n\n\n<h2 class=\"wp-block-heading has-text-align-center\">EQUIPO DE TRABAJO<\/h2>\n\n\n\n<p class=\"has-normal-font-size\"><\/p>\n\n\n\n<div class=\"wp-block-columns is-layout-flex wp-container-core-columns-is-layout-9d6595d7 wp-block-columns-is-layout-flex\">\n<div class=\"wp-block-column is-layout-flow wp-block-column-is-layout-flow\" style=\"flex-basis:33.33%\">\n<figure class=\"wp-block-image size-full is-resized\"><a href=\"https:\/\/www.icqubb.com\/personas\/serguei-alejandro\"><img loading=\"lazy\" decoding=\"async\" width=\"284\" height=\"291\" src=\"http:\/\/lcgpa.ubiobio.cl\/wp-content\/uploads\/2021\/11\/mi-foto-en-ubb.png\" alt=\"\" class=\"wp-image-288\" style=\"aspect-ratio:0.9760956175298805;width:249px;height:auto\"\/><\/a><\/figure>\n<\/div>\n\n\n\n<div class=\"wp-block-column is-layout-flow wp-block-column-is-layout-flow\" style=\"flex-basis:66.66%\">\n<h3 class=\"wp-block-heading has-black-color has-text-color has-medium-font-size\" style=\"font-style:italic;font-weight:700\">Dr. Serguei Alejandro-Mart\u00edn (Ingeniero Qu\u00edmico)<\/h3>\n\n\n\n<h5 class=\"wp-block-heading has-vivid-cyan-blue-color has-text-color has-medium-font-size\">Coordinador del Laboratorio<\/h5>\n\n\n\n<h5 class=\"wp-block-heading has-black-color has-text-color\"><strong>Correo<\/strong>: <em><span style=\"text-decoration:underline;\">salejandro@ubiobio.cl<\/span><\/em> <\/h5>\n\n\n\n<p class=\"has-black-color has-text-color\"><strong>L\u00edneas de Investigaci\u00f3n<\/strong>:<\/p>\n\n\n\n<ul class=\"wp-block-list has-black-color has-text-color has-small-font-size\">\n<li>Co-hidropir\u00f3lisis catal\u00edtica de materiales lignocelul\u00f3sicos y pl\u00e1sticos.<\/li>\n\n\n\n<li>Valorizaci\u00f3n de residuos, a trav\u00e9s de procesos de co-pir\u00f3lisis para la obtenci\u00f3n de biocombustibles alternativos.<\/li>\n\n\n\n<li>Pir\u00f3lisis catal\u00edtica de materiales lignocelul\u00f3sicos.<\/li>\n\n\n\n<li>Obtenci\u00f3n de biocombustibles de segunda generaci\u00f3n y productos de alto valor agregado.<\/li>\n\n\n\n<li>Oxidaci\u00f3n avanzada de compuestos org\u00e1nicos vol\u00e1tiles.<\/li>\n<\/ul>\n<\/div>\n<\/div>\n\n\n\n<h3 class=\"wp-block-heading has-text-align-center\" style=\"font-style:normal;font-weight:100\">______________________________________<\/h3>\n\n\n\n<div class=\"wp-block-media-text is-stacked-on-mobile\" style=\"grid-template-columns:28% auto\"><figure class=\"wp-block-media-text__media\"><img loading=\"lazy\" decoding=\"async\" width=\"898\" height=\"1024\" src=\"http:\/\/lcgpa.ubiobio.cl\/wp-content\/uploads\/2024\/06\/Laura-R-898x1024.jpg\" alt=\"\" class=\"wp-image-1478 size-full\" srcset=\"http:\/\/lcgpa.ubiobio.cl\/wp-content\/uploads\/2024\/06\/Laura-R-898x1024.jpg 898w, http:\/\/lcgpa.ubiobio.cl\/wp-content\/uploads\/2024\/06\/Laura-R-263x300.jpg 263w, http:\/\/lcgpa.ubiobio.cl\/wp-content\/uploads\/2024\/06\/Laura-R-768x876.jpg 768w, http:\/\/lcgpa.ubiobio.cl\/wp-content\/uploads\/2024\/06\/Laura-R.jpg 1038w\" sizes=\"auto, (max-width: 898px) 100vw, 898px\" \/><\/figure><div class=\"wp-block-media-text__content\">\n<h3 class=\"wp-block-heading has-black-color has-text-color has-link-color has-medium-font-size wp-elements-b310b426f92134fa0bb208a0b1820390\" style=\"font-style:italic;font-weight:100\"><strong>Laura Rebolledo Toro<\/strong> (Qu\u00edmica Industrial)<\/h3>\n\n\n\n<h5 class=\"wp-block-heading has-vivid-cyan-blue-color has-text-color has-link-color has-medium-font-size wp-elements-d8603f7c0823953b8852ead39edb3b70\"><strong>T\u00e9cnica Laboratorio<\/strong><\/h5>\n\n\n\n<h5 class=\"wp-block-heading has-black-color has-text-color has-link-color wp-elements-2da8b694408a0d4be2f6fd9d1501875b\" style=\"font-size:16px\"><strong>Correo<\/strong>: <strong><em><a href=\"mailto:lrebolledo@ubiobio.cl\">lrebolledo@ubiobio.cl<\/a><\/em><\/strong><\/h5>\n<\/div><\/div>\n\n\n\n<h3 class=\"wp-block-heading has-text-align-center\" style=\"font-style:normal;font-weight:100\">______________________________________<\/h3>\n\n\n\n<div class=\"wp-block-columns is-layout-flex wp-container-core-columns-is-layout-9d6595d7 wp-block-columns-is-layout-flex\">\n<div class=\"wp-block-column is-layout-flow wp-block-column-is-layout-flow\" style=\"flex-basis:33.33%\">\n<figure class=\"wp-block-image size-full is-resized\"><a href=\"https:\/\/www.linkedin.com\/in\/francisco-medina-jofre-8a7223158\/\"><img loading=\"lazy\" decoding=\"async\" width=\"230\" height=\"273\" src=\"http:\/\/lcgpa.ubiobio.cl\/wp-content\/uploads\/2021\/11\/vrip-lab-5-copia-1.jpg\" alt=\"\" class=\"wp-image-378\" style=\"width:249px;height:296px\"\/><\/a><\/figure>\n<\/div>\n\n\n\n<div class=\"wp-block-column is-layout-flow wp-block-column-is-layout-flow\" style=\"flex-basis:66.66%\">\n<h3 class=\"wp-block-heading has-black-color has-text-color has-medium-font-size\" style=\"font-style:italic;font-weight:100\"><strong>Francisco Medina Jofr\u00e9<\/strong> (Qu\u00edmico Analista)<\/h3>\n\n\n\n<h5 class=\"wp-block-heading has-vivid-cyan-blue-color has-text-color has-medium-font-size\">T\u00e9cnico de laboratorio asociado<\/h5>\n\n\n\n<h5 class=\"wp-block-heading\"><strong>Correo<\/strong><em>:<span style=\"text-decoration:underline;\"> <\/span>fj<span style=\"text-decoration:underline;\">medina@ubiobio.cl <\/span><\/em><\/h5>\n\n\n\n<p class=\"has-black-color has-text-color\"><strong>L\u00edneas de Investigaci\u00f3n<\/strong>:<\/p>\n\n\n\n<ul class=\"wp-block-list has-black-color has-text-color has-small-font-size\">\n<li>Pir\u00f3lisis catal\u00edtica acoplada a sistemas GC\/MS<\/li>\n\n\n\n<li>Especialista sistemas GC-FID y HPLC<\/li>\n<\/ul>\n<\/div>\n<\/div>\n\n\n\n<h3 class=\"wp-block-heading has-text-align-center\" style=\"font-style:normal;font-weight:100\">______________________________________<\/h3>\n\n\n\n<h3 class=\"wp-block-heading has-text-align-left\" id=\"profesores-asociados\">Profesores Asociados<\/h3>\n\n\n\n<h4 class=\"wp-block-heading\"><strong>Colaboraci\u00f3n Nacional:<\/strong><\/h4>\n\n\n\n<ul class=\"wp-block-list has-black-color has-text-color\">\n<li>Luis E. Arteaga P\u00e9rez <a href=\"http:\/\/www.lptcicq.ubiobio.cl\/\">(<strong>UDEC<\/strong>)<\/a><\/li>\n<\/ul>\n\n\n\n<ul class=\"wp-block-list has-black-color has-text-color\">\n<li>Jos\u00e9 E. Norambuena Contreras (<strong><a href=\"https:\/\/labmatubb.com\/\">LabMat-UBB<\/a><\/strong>)<\/li>\n<\/ul>\n\n\n\n<ul class=\"wp-block-list has-black-color has-text-color\">\n<li>Claudia Oviedo <strong><a href=\"http:\/\/postgradossustentables.ubiobio.cl\/Academicos\/20\/\">(UBB)<\/a><\/strong><\/li>\n<\/ul>\n\n\n\n<ul class=\"wp-block-list has-black-color has-text-color\">\n<li>Romina Romero Carrillo <strong><a href=\"http:\/\/www.lptcicq.ubiobio.cl\/index.php\/estructura\/romina-romero-carrillo\/\">(UDEC)<\/a><\/strong><\/li>\n<\/ul>\n\n\n\n<ul class=\"wp-block-list has-black-color has-text-color\">\n<li>Laura Az\u00f3car Ulloa <strong><a href=\"https:\/\/ciencias.ucsc.cl\/persona\/dra-laura-azocar-ulloa\/\">(UCSC, Chile)<\/a><\/strong><\/li>\n<\/ul>\n\n\n\n<h4 class=\"wp-block-heading\"><strong>Colaboraci\u00f3n Internacional:<\/strong><\/h4>\n\n\n\n<ul class=\"wp-block-list has-black-color has-text-color\">\n<li>Roger Solano, Colombia.<\/li>\n\n\n\n<li>Fidel Vallejo Gallardo, Ecuador.<\/li>\n\n\n\n<li>Joan M. Rodr\u00edguez D\u00edaz <strong><a href=\"https:\/\/www.researchgate.net\/profile\/Joan-Rodriguez-Diaz\">(Universidad T\u00e9cnica de Manab\u00ed, Ecuador)<\/a><\/strong><\/li>\n\n\n\n<li>Daniel J. Nowakowski <strong><a href=\"https:\/\/research.aston.ac.uk\/en\/persons\/daniel-j-nowakowski\">(Aston University, UK)<\/a><\/strong><\/li>\n\n\n\n<li>Paula Osorio Vargas <strong><a href=\"http:\/\/www.lptcicq.ubiobio.cl\/index.php\/estructura\/paula-osorio-vargas\/\">(UNLP-CCT La Plata, Argentina)<\/a><\/strong><\/li>\n<\/ul>\n\n\n\n<h2 class=\"wp-block-heading has-text-align-center\" id=\"participacion-estudiantes\">Participaci\u00f3n Estudiantes<\/h2>\n\n\n\n<div class=\"wp-block-group alignfull\"><div class=\"wp-block-group__inner-container is-layout-flow wp-block-group-is-layout-flow\">\n<div class=\"wp-block-columns is-layout-flex wp-container-core-columns-is-layout-9d6595d7 wp-block-columns-is-layout-flex\">\n<div class=\"wp-block-column is-layout-flow wp-block-column-is-layout-flow\" style=\"flex-basis:100%\">\n<div class=\"wp-block-buttons alignfull is-horizontal is-content-justification-center is-layout-flex wp-container-core-buttons-is-layout-499968f5 wp-block-buttons-is-layout-flex\">\n<div class=\"wp-block-button is-style-outline is-style-outline--1\"><a class=\"wp-block-button__link has-white-color has-vivid-cyan-blue-background-color has-text-color has-background wp-element-button\" href=\"http:\/\/lcgpa.ubiobio.cl\/index.php\/alumnos-pregrado\/\"><mark style=\"background-color:rgba(0, 0, 0, 0)\" class=\"has-inline-color has-white-color\">Alumnos Pregrado UBB<\/mark><\/a><\/div>\n\n\n\n<div class=\"wp-block-button is-style-outline is-style-outline--2\"><a class=\"wp-block-button__link has-white-color has-text-color has-background wp-element-button\" href=\"http:\/\/lcgpa.ubiobio.cl\/index.php\/alumnos-postgrado-2\/\" style=\"background-color:#256e06\"><span style=\"text-decoration:underline;\">Alumnos Postgrado UBB<\/span><\/a><\/div>\n<\/div>\n\n\n\n<p><\/p>\n<\/div>\n<\/div>\n<\/div><\/div>\n\n\n\n<figure class=\"wp-block-gallery aligncenter has-nested-images columns-default is-cropped wp-block-gallery-3 is-layout-flex wp-block-gallery-is-layout-flex\">\n<figure class=\"wp-block-image size-full\"><a href=\"http:\/\/lcgpa.ubiobio.cl\/wp-content\/uploads\/2021\/11\/20171206_133812-scaled.jpg\"><img loading=\"lazy\" decoding=\"async\" width=\"2560\" height=\"1920\" data-id=\"348\" src=\"http:\/\/lcgpa.ubiobio.cl\/wp-content\/uploads\/2021\/11\/20171206_133812-scaled.jpg\" alt=\"\" class=\"wp-image-348\" srcset=\"http:\/\/lcgpa.ubiobio.cl\/wp-content\/uploads\/2021\/11\/20171206_133812-scaled.jpg 2560w, http:\/\/lcgpa.ubiobio.cl\/wp-content\/uploads\/2021\/11\/20171206_133812-300x225.jpg 300w, http:\/\/lcgpa.ubiobio.cl\/wp-content\/uploads\/2021\/11\/20171206_133812-1024x768.jpg 1024w, http:\/\/lcgpa.ubiobio.cl\/wp-content\/uploads\/2021\/11\/20171206_133812-768x576.jpg 768w, http:\/\/lcgpa.ubiobio.cl\/wp-content\/uploads\/2021\/11\/20171206_133812-1536x1152.jpg 1536w, http:\/\/lcgpa.ubiobio.cl\/wp-content\/uploads\/2021\/11\/20171206_133812-2048x1536.jpg 2048w, http:\/\/lcgpa.ubiobio.cl\/wp-content\/uploads\/2021\/11\/20171206_133812-1200x900.jpg 1200w, http:\/\/lcgpa.ubiobio.cl\/wp-content\/uploads\/2021\/11\/20171206_133812-1980x1485.jpg 1980w\" sizes=\"auto, (max-width: 2560px) 100vw, 2560px\" \/><\/a><\/figure>\n\n\n\n<figure class=\"wp-block-image size-full\"><a href=\"http:\/\/lcgpa.ubiobio.cl\/wp-content\/uploads\/2021\/11\/vrip-lab-5.jpg\"><img loading=\"lazy\" decoding=\"async\" width=\"1134\" height=\"756\" data-id=\"325\" src=\"http:\/\/lcgpa.ubiobio.cl\/wp-content\/uploads\/2021\/11\/vrip-lab-5.jpg\" alt=\"\" class=\"wp-image-325\" srcset=\"http:\/\/lcgpa.ubiobio.cl\/wp-content\/uploads\/2021\/11\/vrip-lab-5.jpg 1134w, http:\/\/lcgpa.ubiobio.cl\/wp-content\/uploads\/2021\/11\/vrip-lab-5-300x200.jpg 300w, http:\/\/lcgpa.ubiobio.cl\/wp-content\/uploads\/2021\/11\/vrip-lab-5-1024x683.jpg 1024w, http:\/\/lcgpa.ubiobio.cl\/wp-content\/uploads\/2021\/11\/vrip-lab-5-768x512.jpg 768w\" sizes=\"auto, (max-width: 1134px) 100vw, 1134px\" \/><\/a><\/figure>\n\n\n\n<figure class=\"wp-block-image size-full\"><a href=\"http:\/\/lcgpa.ubiobio.cl\/wp-content\/uploads\/2021\/11\/20171206_134048-scaled.jpg\"><img loading=\"lazy\" decoding=\"async\" width=\"2560\" height=\"1920\" data-id=\"438\" src=\"http:\/\/lcgpa.ubiobio.cl\/wp-content\/uploads\/2021\/11\/20171206_134048-scaled.jpg\" alt=\"\" class=\"wp-image-438\" srcset=\"http:\/\/lcgpa.ubiobio.cl\/wp-content\/uploads\/2021\/11\/20171206_134048-scaled.jpg 2560w, http:\/\/lcgpa.ubiobio.cl\/wp-content\/uploads\/2021\/11\/20171206_134048-300x225.jpg 300w, http:\/\/lcgpa.ubiobio.cl\/wp-content\/uploads\/2021\/11\/20171206_134048-1024x768.jpg 1024w, http:\/\/lcgpa.ubiobio.cl\/wp-content\/uploads\/2021\/11\/20171206_134048-768x576.jpg 768w, http:\/\/lcgpa.ubiobio.cl\/wp-content\/uploads\/2021\/11\/20171206_134048-1536x1152.jpg 1536w, http:\/\/lcgpa.ubiobio.cl\/wp-content\/uploads\/2021\/11\/20171206_134048-2048x1536.jpg 2048w, http:\/\/lcgpa.ubiobio.cl\/wp-content\/uploads\/2021\/11\/20171206_134048-1200x900.jpg 1200w, http:\/\/lcgpa.ubiobio.cl\/wp-content\/uploads\/2021\/11\/20171206_134048-1980x1485.jpg 1980w\" sizes=\"auto, (max-width: 2560px) 100vw, 2560px\" \/><\/a><\/figure>\n<\/figure>\n","protected":false},"excerpt":{"rendered":"<p>EQUIPO DE TRABAJO Dr. Serguei Alejandro-Mart\u00edn (Ingeniero Qu\u00edmico) Coordinador del Laboratorio Correo: salejandro@ubiobio.cl L\u00edneas de Investigaci\u00f3n: ______________________________________ Laura Rebolledo Toro (Qu\u00edmica Industrial) T\u00e9cnica Laboratorio Correo: lrebolledo@ubiobio.cl ______________________________________ Francisco Medina Jofr\u00e9 (Qu\u00edmico Analista) T\u00e9cnico de laboratorio asociado Correo: fjmedina@ubiobio.cl L\u00edneas de Investigaci\u00f3n: ______________________________________ Profesores Asociados Colaboraci\u00f3n Nacional: Colaboraci\u00f3n Internacional: Participaci\u00f3n Estudiantes<\/p>\n","protected":false},"author":1,"featured_media":335,"parent":0,"menu_order":0,"comment_status":"closed","ping_status":"closed","template":"full-width-page.php","meta":{"footnotes":""},"class_list":["post-798","page","type-page","status-publish","has-post-thumbnail","hentry"],"_links":{"self":[{"href":"http:\/\/lcgpa.ubiobio.cl\/index.php\/wp-json\/wp\/v2\/pages\/798","targetHints":{"allow":["GET"]}}],"collection":[{"href":"http:\/\/lcgpa.ubiobio.cl\/index.php\/wp-json\/wp\/v2\/pages"}],"about":[{"href":"http:\/\/lcgpa.ubiobio.cl\/index.php\/wp-json\/wp\/v2\/types\/page"}],"author":[{"embeddable":true,"href":"http:\/\/lcgpa.ubiobio.cl\/index.php\/wp-json\/wp\/v2\/users\/1"}],"replies":[{"embeddable":true,"href":"http:\/\/lcgpa.ubiobio.cl\/index.php\/wp-json\/wp\/v2\/comments?post=798"}],"version-history":[{"count":47,"href":"http:\/\/lcgpa.ubiobio.cl\/index.php\/wp-json\/wp\/v2\/pages\/798\/revisions"}],"predecessor-version":[{"id":1811,"href":"http:\/\/lcgpa.ubiobio.cl\/index.php\/wp-json\/wp\/v2\/pages\/798\/revisions\/1811"}],"wp:featuredmedia":[{"embeddable":true,"href":"http:\/\/lcgpa.ubiobio.cl\/index.php\/wp-json\/wp\/v2\/media\/335"}],"wp:attachment":[{"href":"http:\/\/lcgpa.ubiobio.cl\/index.php\/wp-json\/wp\/v2\/media?parent=798"}],"curies":[{"name":"wp","href":"https:\/\/api.w.org\/{rel}","templated":true}]}}