{"id":799,"date":"2021-11-22T01:45:22","date_gmt":"2021-11-22T01:45:22","guid":{"rendered":"http:\/\/lcgpa.ubiobio.cl\/?page_id=799"},"modified":"2026-05-05T16:03:01","modified_gmt":"2026-05-05T16:03:01","slug":"historial","status":"publish","type":"page","link":"http:\/\/lcgpa.ubiobio.cl\/index.php\/historial\/","title":{"rendered":"Historial Pregrado"},"content":{"rendered":"\n<h3 class=\"wp-block-heading\" id=\"curso-investigaciones-en-procesos-de-ing-quimica\">Curso: Investigaciones en Procesos de Ing. Qu\u00edmica<\/h3>\n\n\n\n<h4 class=\"wp-block-heading\">2025<\/h4>\n\n\n\n<ul class=\"wp-block-list\">\n<li>Carlos Garc\u00e9s<\/li>\n\n\n\n<li>Emanuel Ruiz<\/li>\n\n\n\n<li>Pablo Cea<\/li>\n\n\n\n<li>Rafael Cruz<\/li>\n\n\n\n<li>Isidora Osorio<\/li>\n\n\n\n<li>Benjam\u00edn Jara<\/li>\n<\/ul>\n\n\n\n<h4 class=\"wp-block-heading\">2024<\/h4>\n\n\n\n<ul class=\"wp-block-list\">\n<li>Antonia Padilla R.<\/li>\n\n\n\n<li>Claudia Ram\u00edrez S.<\/li>\n\n\n\n<li>Joaqu\u00edn Roble M.<\/li>\n<\/ul>\n\n\n\n<h4 class=\"wp-block-heading\">2023<\/h4>\n\n\n\n<ul class=\"wp-block-list\">\n<li>Javiera Ocampo <\/li>\n\n\n\n<li>Konstanza Ortiz<\/li>\n\n\n\n<li>Javiera Ringele<\/li>\n<\/ul>\n\n\n\n<h4 class=\"wp-block-heading\">2022<\/h4>\n\n\n\n<ul class=\"wp-block-list\">\n<li>Leandra Bulnes M. <\/li>\n\n\n\n<li>Valentina Escandor S.<\/li>\n\n\n\n<li>Gabriela V\u00e1squez C.<\/li>\n<\/ul>\n\n\n\n<h4 class=\"wp-block-heading\">2021<\/h4>\n\n\n\n<ul class=\"wp-block-list\">\n<li>Diego Fritz Jara<\/li>\n\n\n\n<li>Thomas Fierro P\u00e9rez<\/li>\n\n\n\n<li>Nickolas Jim\u00e9nez Morales<\/li>\n\n\n\n<li>Mat\u00edas C\u00f3rdova Alarc\u00f3n<\/li>\n\n\n\n<li>Sebasti\u00e1n Fa\u00fandez Mendoza<\/li>\n\n\n\n<li>Ignacio Salazar Paredes<\/li>\n<\/ul>\n\n\n\n<h4 class=\"wp-block-heading\" id=\"2017\">2020<\/h4>\n\n\n\n<ul class=\"wp-block-list\">\n<li>Meyly Vallejos Torres<\/li>\n\n\n\n<li>Carlos Romero Unda<\/li>\n\n\n\n<li>Basti\u00e1n Puentes Navarro<\/li>\n\n\n\n<li>Nicole Seguel Saavedra<\/li>\n\n\n\n<li>Rosa Barraza Riquelme<\/li>\n\n\n\n<li>Daniela Riffo Toloza<\/li>\n<\/ul>\n\n\n\n<h4 class=\"wp-block-heading\" id=\"2017\">2019<\/h4>\n\n\n\n<ul class=\"wp-block-list\">\n<li>Gerson Estay Y\u00e9venes<\/li>\n\n\n\n<li>Claudia Ferreira Pincheira<\/li>\n\n\n\n<li>Angelo Toledo Vargas<\/li>\n<\/ul>\n\n\n\n<h4 class=\"wp-block-heading\" id=\"2017\">2018<\/h4>\n\n\n\n<ul class=\"wp-block-list\">\n<li>Javier Aguayo Sanhueza<\/li>\n\n\n\n<li>Lucas Saavedra Burgos<\/li>\n\n\n\n<li>Karina Ceballos Morales<\/li>\n\n\n\n<li>Claudio Navarrete Toledo<\/li>\n\n\n\n<li>Gustavo Astudillo Zenteno<\/li>\n\n\n\n<li>Alejandro Ot\u00e1rola <\/li>\n<\/ul>\n\n\n\n<h4 class=\"wp-block-heading\" id=\"2017\">2017<\/h4>\n\n\n\n<ul class=\"wp-block-list\">\n<li>Diego Cisternas Ya\u00f1ez<\/li>\n\n\n\n<li>Claudia Vargas Rivas<\/li>\n\n\n\n<li>Constanza Pinto Luengo<\/li>\n\n\n\n<li>Eduardo Rozas Villagra<\/li>\n\n\n\n<li>Juan Lagos Valenzuela<\/li>\n\n\n\n<li>David Parra Coz<\/li>\n<\/ul>\n\n\n\n<figure class=\"wp-block-gallery has-nested-images columns-default is-cropped wp-block-gallery-1 is-layout-flex wp-block-gallery-is-layout-flex\">\n<figure class=\"wp-block-image size-large\"><img loading=\"lazy\" decoding=\"async\" width=\"1024\" height=\"1024\" data-id=\"1568\" src=\"http:\/\/lcgpa.ubiobio.cl\/wp-content\/uploads\/2024\/08\/ICQ_COLOR1-1024x1024.png\" alt=\"\" class=\"wp-image-1568\" srcset=\"http:\/\/lcgpa.ubiobio.cl\/wp-content\/uploads\/2024\/08\/ICQ_COLOR1-1024x1024.png 1024w, http:\/\/lcgpa.ubiobio.cl\/wp-content\/uploads\/2024\/08\/ICQ_COLOR1-300x300.png 300w, http:\/\/lcgpa.ubiobio.cl\/wp-content\/uploads\/2024\/08\/ICQ_COLOR1-150x150.png 150w, http:\/\/lcgpa.ubiobio.cl\/wp-content\/uploads\/2024\/08\/ICQ_COLOR1-768x768.png 768w, http:\/\/lcgpa.ubiobio.cl\/wp-content\/uploads\/2024\/08\/ICQ_COLOR1.png 1182w\" sizes=\"auto, (max-width: 1024px) 100vw, 1024px\" \/><\/figure>\n\n\n\n<figure class=\"wp-block-image size-large\"><img loading=\"lazy\" decoding=\"async\" width=\"1024\" height=\"1024\" data-id=\"835\" src=\"http:\/\/lcgpa.ubiobio.cl\/wp-content\/uploads\/2021\/11\/cropped-cropped-3-3-1024x1024.png\" alt=\"\" class=\"wp-image-835\" srcset=\"http:\/\/lcgpa.ubiobio.cl\/wp-content\/uploads\/2021\/11\/cropped-cropped-3-3-1024x1024.png 1024w, http:\/\/lcgpa.ubiobio.cl\/wp-content\/uploads\/2021\/11\/cropped-cropped-3-3-300x300.png 300w, http:\/\/lcgpa.ubiobio.cl\/wp-content\/uploads\/2021\/11\/cropped-cropped-3-3-150x150.png 150w, http:\/\/lcgpa.ubiobio.cl\/wp-content\/uploads\/2021\/11\/cropped-cropped-3-3-768x768.png 768w, http:\/\/lcgpa.ubiobio.cl\/wp-content\/uploads\/2021\/11\/cropped-cropped-3-3-1536x1536.png 1536w, http:\/\/lcgpa.ubiobio.cl\/wp-content\/uploads\/2021\/11\/cropped-cropped-3-3.png 1622w\" sizes=\"auto, (max-width: 1024px) 100vw, 1024px\" \/><\/figure>\n<\/figure>\n","protected":false},"excerpt":{"rendered":"<p>Curso: Investigaciones en Procesos de Ing. Qu\u00edmica 2025 2024 2023 2022 2021 2020 2019 2018 2017<\/p>\n","protected":false},"author":1,"featured_media":0,"parent":0,"menu_order":0,"comment_status":"closed","ping_status":"closed","template":"full-width-page.php","meta":{"footnotes":""},"class_list":["post-799","page","type-page","status-publish","hentry"],"_links":{"self":[{"href":"http:\/\/lcgpa.ubiobio.cl\/index.php\/wp-json\/wp\/v2\/pages\/799","targetHints":{"allow":["GET"]}}],"collection":[{"href":"http:\/\/lcgpa.ubiobio.cl\/index.php\/wp-json\/wp\/v2\/pages"}],"about":[{"href":"http:\/\/lcgpa.ubiobio.cl\/index.php\/wp-json\/wp\/v2\/types\/page"}],"author":[{"embeddable":true,"href":"http:\/\/lcgpa.ubiobio.cl\/index.php\/wp-json\/wp\/v2\/users\/1"}],"replies":[{"embeddable":true,"href":"http:\/\/lcgpa.ubiobio.cl\/index.php\/wp-json\/wp\/v2\/comments?post=799"}],"version-history":[{"count":13,"href":"http:\/\/lcgpa.ubiobio.cl\/index.php\/wp-json\/wp\/v2\/pages\/799\/revisions"}],"predecessor-version":[{"id":1752,"href":"http:\/\/lcgpa.ubiobio.cl\/index.php\/wp-json\/wp\/v2\/pages\/799\/revisions\/1752"}],"wp:attachment":[{"href":"http:\/\/lcgpa.ubiobio.cl\/index.php\/wp-json\/wp\/v2\/media?parent=799"}],"curies":[{"name":"wp","href":"https:\/\/api.w.org\/{rel}","templated":true}]}}