{"id":956,"date":"2021-11-24T23:54:18","date_gmt":"2021-11-24T23:54:18","guid":{"rendered":"http:\/\/lcgpa.ubiobio.cl\/?page_id=956"},"modified":"2026-05-05T16:15:37","modified_gmt":"2026-05-05T16:15:37","slug":"proyectos-y-publicaciones-2","status":"publish","type":"page","link":"http:\/\/lcgpa.ubiobio.cl\/index.php\/proyectos-y-publicaciones-2\/","title":{"rendered":"Proyectos y Publicaciones"},"content":{"rendered":"\n<h3 class=\"wp-block-heading has-black-color has-pale-cyan-blue-background-color has-text-color has-background\" id=\"proyectos-publicaciones\">Proyectos<\/h3>\n\n\n\n<ul class=\"wp-block-list\">\n<li class=\"has-black-color has-text-color has-link-color has-small-font-size wp-elements-ff0670bf9a0cb2aeb93c5c81fc7ffa3e\">Valorizaci\u00f3n sustentable de residuos mediante transformaci\u00f3n termoqu\u00edmica de materiales lignocelul\u00f3sicos: consolidaci\u00f3n de red colaborativa internacional entre instituciones chilenas y europeas.\u00a0Ejecuci\u00f3n 2026-2027. Director de Proyecto. <\/li>\n\n\n\n<li class=\"has-black-color has-text-color has-link-color has-small-font-size wp-elements-658214866d80a6e3f87c9a89f862aef1\">Sustainable aviation fuel production with a close composition to commercial jet fuel based on hydrothermal liquefaction of forest residues.\u00a0Ejecuci\u00f3n 2026-2029. Co-Investigador. <\/li>\n\n\n\n<li class=\"has-black-color has-text-color has-link-color has-small-font-size wp-elements-cc01d836420bc6accf94f49f3ef3d90b\">Fortalecimiento de las capacidades anal\u00edticas para el desarrollo de los biomateriales y biocombustibles en las regiones del B\u00edo-B\u00edo y la Araucan\u00eda, a trav\u00e9s de un micropirolizador y ATD acoplados a un GC\/MS. Fondequip EQM 170077. 2017-actualidad. Coordinador Cient\u00edfico (Director de Proyecto) <\/li>\n\n\n\n<li class=\"has-black-color has-text-color has-link-color has-small-font-size wp-elements-eb147ab937980058af3a66987c403d9c\">Upgrade of bio-oil from biomass pyrolysis: Influence of surface characteristics of natural and modified zeolite. Fondecyt. 2014-2017. Investigador Responsable<\/li>\n<\/ul>\n\n\n\n<h3 class=\"wp-block-heading has-black-color has-pale-cyan-blue-background-color has-text-color has-background\" id=\"proyectos-publicaciones\">Publicaciones <\/h3>\n\n\n\n<ol class=\"wp-block-list has-black-color has-text-color has-small-font-size\">\n<li class=\"has-black-color has-text-color has-link-color wp-elements-42b53fa541dfb1b326ddb5fd5032aaa2\">D\u00edaz-Robles, L.A.; Oyaneder, M.; L\u00f3pez, J.; Meza, A.; Alejandro-Martin, S.; Zalakeviciute, R.; Y\u00e1nez, D.; Espinoza-P\u00e9rez, A.; Espinoza-P\u00e9rez, L.; Pino-Cort\u00e9s, E.; et al. Evaluating and Optimizing Air Quality Forecasting for Critical Particulate Matter Episodes in the Santiago Metropolitan Region, Chile. Sustainability (<strong>2026<\/strong>), 18, 3652. <\/li>\n\n\n\n<li class=\"has-black-color has-text-color has-link-color wp-elements-13d20d6727f504a07b87786f9e1aa876\">Fern\u00e1ndez-Andrade, K.J.; Ortiz-Araya, K.A.; Medina-Jofre, F.; Alejandro-Mart\u00edn, S. Dataset of Chilean Oak Micropyrolysis over Zn and Ga Supported on Natural Zeolite Catalyst in Oxygen-Depleted (He) and Reductive (H2) Atmospheres. Data Br. (<strong>2026<\/strong>), 65, 112584, doi:10.1016\/j.dib.2026.112584. <\/li>\n\n\n\n<li class=\"has-black-color has-text-color has-link-color wp-elements-bad2174bfb61b4e5648c415473149849\">Romero-Unda, C.; Puentes-Navarro, B.; Alejandro-Mart\u00edn, S. Dataset on ohe Analytical Co-Hydropyrolysis of Chilean Oak and Polyethylene under Catalytic and Non-Catalytic Conditions. Data Br. (<strong>2025<\/strong>), 112134, doi:10.1016\/j.dib.2025.112134. <\/li>\n\n\n\n<li class=\"has-black-color has-text-color has-link-color wp-elements-a3c1d7a0e8c8bf2aa942afb91c33d97a\">Venegas-V\u00e1sconez, D.; Orejuela-Escobar, L.M.; Villasana, Y.; Salgado, A.; Tipanluisa-Sarchi, L.; Romero-Carrillo, R.; Alejandro-Mart\u00edn, S. Microwave Pretreatment for Biomass Pyrolysis: A Systematic Review on Efficiency and Environmental Aspects. Processes (<strong>2025<\/strong>), 13, 3194, doi:10.3390\/pr13103194. <\/li>\n\n\n\n<li class=\"has-black-color has-text-color has-link-color wp-elements-cd6cf7f5d457f4c413ade3449e699c37\">M\u00e9ndez-Rivas, C.; Mel\u00edn, V.; Romero, R.; Troncoso, E.; Alejandro-Mart\u00edn, S.; P\u00e9rez-Moya, M.; Contreras, D. Self-Sustained Fenton Depolymerization of Kraft Lignin under Ambient Conditions. J. Environ. Chem. Eng. (<strong>2025<\/strong>), 13, 118812,\u00a0doi: 10.1016\/j.jece.2025.118812. <\/li>\n\n\n\n<li class=\"has-black-color has-text-color has-link-color wp-elements-c9e31d5feb8cb7531691e6f42b34e3b2\">Vallejo, F.; Y\u00e1nez, D.; D\u00edaz-Robles, L.; Oyaneder, M.; Alejandro-Mart\u00edn, S.; Zalakeviciute, R.; Romero, T. Valorizing Biomass Waste: Hydrothermal Carbonization and Chemical Activation for Activated Carbon Production. Biomass (<strong>2025<\/strong>), 5, 45, doi:10.3390\/biomass5030045. <\/li>\n\n\n\n<li class=\"has-black-color has-text-color has-link-color wp-elements-ed81dae2e5b07f3aed6e8a6f26139eea\">Fern\u00e1ndez-Andrade, K.J.; Rivadeneira-Mendoza, B.F.; Rodr\u00edguez-D\u00edaz, J.M.; Alejandro-Martin, S. Enhanced Monoaromatic Formation via Hydropyrolysis of Torrefied Chilean Oak over Metal (Ga, Zn) Supported on Modified Natural Zeolite. Energy &amp; Fuels (<strong>2025<\/strong>),\u00a039, 14833\u201314849, doi:10.1021\/acs.energyfuels.5c02905. <\/li>\n\n\n\n<li class=\"has-black-color has-text-color has-link-color wp-elements-e2334eefa7f5cdbfcfd05af5a5d76dbc\">Fern\u00e1ndez-Andrade, K.J.; Ocampo-Bustamante, J.V.; Aguayo, M.G.; Azocar, L.; Rodr\u00edguez-D\u00edaz, J.M.; Alejandro-Mart\u00edn, S. Assessing the Contribution of Torrefaction during Chilean Oak Pyrolysis: A Kinetic\/Thermodynamic Study and Evolved Gases Compositional Analysis. Ind. Crops Prod. (<strong>2025<\/strong>), 232, 121296, doi:https:\/\/doi.org\/10.1016\/j.indcrop.2025.121296. <\/li>\n\n\n\n<li class=\"has-black-color has-text-color has-link-color wp-elements-9914c556da99d07046399ecd47f8959f\">Vallejo, F.; Villacr\u00e9s, P.; Y\u00e1nez, D.; Espinoza, Lady; Bodero-Poveda, E.; D\u00edaz-Robles, L.A.; Oyaneder, M.; Campos, V.; Palmay, P.; Cordovilla-P\u00e9rez, A.; D\u00edaz, Valeria Leiva-Gonz\u00e1lez, Jorge; Alejandro-Martin, Serguei. Prolonged Power Outages and Air Quality: Insights from Quito\u2019s 2023\u20132024 Energy Crisis. <em>Atmosphere<\/em> (Basel). (<strong>2025<\/strong>), 16. <\/li>\n\n\n\n<li class=\"has-black-color has-text-color has-link-color wp-elements-97e62e9c0b415f85786cb3a1ad7a6b0f\">Romero-Unda, C.; Fern\u00e1ndez-Andrade, K.J.; Vallejo, F.; Alejandro-Mart\u00edn, S. Enhanced Aromatic Hydrocarbon Production from Biomass-Plastic Co-Hydropyrolysis over Ni\/MOF-Derived Catalyst. <em>Ind. Crops Prod<\/em>. (<strong>2025<\/strong>), 226, 120749, doi:https:\/\/doi.org\/10.1016\/j.indcrop.2025.120749. <\/li>\n\n\n\n<li class=\"has-black-color has-text-color has-link-color wp-elements-9dac6d824bc3487634599bfa71db2ffd\">Negro, A.M.; Alejandro-Mart\u00edn, S.; Arteaga-P\u00e9rez, L.E.; Gonzalez, I.O.; S\u00e1nchez-Herv\u00e1s, J.M. Valorization of Municipal Solid Wastes via Pyrolysis and Hydropyrolysis: Unveiling the Role of Natural Zeolites as Catalysts and Supports for Ni and Cu. <em>J. Environ. Chem. Eng.<\/em> (<strong>2024<\/strong>), 114859, doi:10.1016\/j.jece.2024.114859. <\/li>\n\n\n\n<li class=\"has-black-color has-text-color has-link-color wp-elements-11db565498dfcf66db0545257680a80b\">Venegas-V\u00e1sconez, D.; Orejuela-Escobar, L.; Valarezo-Garc\u00e9s, A.; Guerrero, V.H.; Tipanluisa-Sarchi, L.; Alejandro-Mart\u00edn, S. Biomass Valorization through Catalytic Pyrolysis Using Metal-Impregnated Natural Zeolites: From Waste to Resources. <em>Polymer<\/em>s (Basel). (<strong>2024<\/strong>), 16, 1912, doi:10.3390\/polym16131912. <\/li>\n\n\n\n<li class=\"has-black-color has-text-color has-link-color wp-elements-f113ca679a5a6966465b76bfde292977\">Valdebenito, F.; Ram\u00edrez-\u00c1lvarez, R.; Alexandra Mu\u00f1oz, M.; Pecchi, G.; Canales, R.; Ormazabal, S.; Mu\u00f1oz, R.; Alejandro-Mart\u00edn, S.; Quero, F.; Adam, R.; et al. Biomass Characterization and Solvent Extraction as Tools to Promote Phenol Production from Urban Pruning. <em>Fuel <\/em>(<strong>2024<\/strong>), 362, 130830, doi:https:\/\/doi.org\/10.1016\/j.fuel.2023.130830. <\/li>\n\n\n\n<li class=\"has-black-color has-text-color has-link-color wp-elements-bfd7011d8410067bfd1270845e961048\">Bispo, D.F.; Loeser, T.F.L.; Cardozo-Filho, L.; Romero, R.; Alejandro-Mart\u00edn, S.; Jegatheesan, J.; dos Santos Freitas, L. Green Solvent-Assisted Hydrothermal Conversion of Biomass Waste into Bio-Oil under Pressurized Conditions. <em>Biomass Convers. Biorefinery<\/em> (<strong>2023<\/strong>), 13, doi:10.1007\/s13399-023-05171-z. <\/li>\n\n\n\n<li class=\"has-black-color has-text-color has-link-color wp-elements-30edf9ff62fcc1aa5a96053e63851999\">Venegas-V\u00e1sconez, D.; Arteaga-P\u00e9rez, L.E.; Aguayo, M.G.; Romero-Carrillo, R.; Guerrero, V.H.; Tipanluisa-Sarchi, L.; Alejandro-Mart\u00edn, S. Analytical Pyrolysis of Pinus Radiata and Eucalyptus Globulus: Effects of Microwave Pretreatment on Pyrolytic Vapours Composition. <em>Polymers <\/em>(Basel). (<strong>2023<\/strong>), 15, doi:10.3390\/polym15183790. <\/li>\n\n\n\n<li class=\"has-black-color has-text-color has-link-color wp-elements-5d7f52dd2607a7c6045ebfee52067fc9\">Puentes, B.; Vallejo, F.; Alejandro-Mart\u00edn, S. Synergistic Effects and Mechanistic Insights into the Co-Hydropyrolysis of Chilean Oak and Polyethylene: Unlocking the Potential of Biomass\u2013Plastic Valorisation. <em>Polymers<\/em> (Basel). (<strong>2023<\/strong>), 15, 2747, doi:10.3390\/polym15122747. <\/li>\n\n\n\n<li class=\"has-black-color has-text-color has-link-color wp-elements-e3dad237bb51b75fd37a8e439e8cbd87\">Cerda-Barrera, C.; Fern\u00e1ndez-Andrade, K.J.; Alejandro-Mart\u00edn, S. Pyrolysis of Chilean Southern Lignocellulosic Biomasses: Isoconversional Kinetics Analysis and Pyrolytic Products Distribution. <em>Polymers<\/em> (Basel). (<strong>2023<\/strong>), 15, 2698, doi:10.3390\/polym15122698. <\/li>\n\n\n\n<li class=\"has-black-color has-text-color has-link-color wp-elements-d0ba95c41a86c2ade13185809abc050a\">Cabrera-Barjas, G.; Jimenez, R.; Romero, R.; Valdes, O.; Nesic, A.; Hern\u00e1ndez-Garc\u00eda, R.; Neira, A.; Alejandro-Mart\u00edn, S.; de la Torre, A.F. Value-Added Long-Chain Aliphatic Compounds Obtained through Pyrolysis of Phosphorylated Chitin. <em>Int. J. Biol. Macromol<\/em>. (<strong>2023<\/strong>), 238, 124130, doi:10.1016\/j.ijbiomac.2023.124130. <\/li>\n\n\n\n<li class=\"has-black-color has-text-color has-link-color wp-elements-ca6a86096b1b606da390f655090c96c6\">Fern\u00e1ndez-Andrade, K. J.; Fern\u00e1ndez-Andrade, A. A.; Zambrano-Intriago, L. A.; Arteaga-Perez, L. E.; Alejandro-Martin, S.; Baquerizo-Crespo, R. J.; Luque, R.; Rodr\u00edguez-D\u00edaz, J. M.. Microwave-assisted MOF@biomass layered nanomaterials: Characterization and applications in wastewater treatment. <em>Chemosphere<\/em> (<strong>2023<\/strong>), <em>314<\/em>, 137664, doi:10.1016\/j.chemosphere.2022.137664. <\/li>\n\n\n\n<li class=\"has-black-color has-text-color has-link-color wp-elements-5ff40127cd866de7eb8f558d116f99e4\">Osorio-Vargas, P.; Lick, I.D.; Pizzio, L.R.; Alejandro-Mart\u00edn, S.; Casas-Led\u00f3n, Y.; Poblete, J.; Casella, M.L.; Arteaga-P\u00e9rez, L.E. Using Tungstophosphoric Acid-Modified CeO2, TiO2, and SiO2 Catalysts to Promote Secondary Reactions Leading to Aromatics during Waste Tire Pyrolysis. <em>Mol. Catal.<\/em> (<strong>2022<\/strong>), <em>531<\/em>, 112682, doi:https:\/\/doi.org\/10.1016\/j.mcat.2022.112682. <\/li>\n\n\n\n<li class=\"has-black-color has-text-color has-link-color wp-elements-655568b9ce024453a4b37b638e21f449\">Guillermo Reyes, Claudia Marcela Pacheco, Estefania Isaza-Ferro, Amaidy Gonz\u00e1lez, Eva Pasquier, Serguei Alejandro-Mart\u00edn, Luis E Arteaga-P\u00e9rez, Romina Romero, Isabel Carrillo-Varela, Regis Medon\u00e7a, Colleen Flanigan, Orlando J Rojas, Upcycling agro-industrial blueberry waste into platform chemicals and structured materials for application in marine environments, <em>Green Chemistry<\/em> (<strong>2022<\/strong>). https:\/\/pubs.rsc.org\/en\/Content\/ArticleLanding\/2022\/GC\/D2GC00573E.<\/li>\n\n\n\n<li class=\"has-black-color has-text-color has-link-color wp-elements-78774ad2d464e6a8edd98a76644abc44\"> J. Vergara-Figueroa, F. Cerda-Leal, S. Alejandro-Martin, W. Gacit\u00faa, Evaluation of the PLA-nZH-Cu Nanocomposite Film on the Micro-Biological, Organoleptic and Physicochemical Qualities of Packed Chicken Meat, <em>Foods<\/em>. 11 (<strong>2022<\/strong>) 546. https:\/\/doi.org\/10.3390\/foods11040546. <\/li>\n\n\n\n<li class=\"has-black-color has-text-color has-link-color wp-elements-b95898229534d3526b23cfbaf2827207\">Alejandro-Mart\u00edn, S.; Vald\u00e9s, H.; Zaror, C., Catalytic Ozonation of Toluene over Acidic Surface Transformed Natural Zeolite: A Dual-Site Reaction Mechanism and Kinetic Approach, <em>Catalysts<\/em>, 11, 958 (<strong>2021<\/strong>). https:\/\/doi.org\/10.3390\/catal11080958.<\/li>\n\n\n\n<li class=\"has-black-color has-text-color has-link-color wp-elements-bf379d655d05f1b4d930c14ee6074f91\">J. Vergara-Figueroa, S. Alejandro-Martin, F. Cerda-Leal, W. Gacit\u00faa, Dual electrospinning of a nanocomposites biofilm: Potential use as an antimicrobial barrier, <em>Mater. Today Commun.<\/em> 25 (<strong>2020<\/strong>) . https:\/\/doi.org\/10.1016\/j.mtcomm.2020.101671.<\/li>\n\n\n\n<li class=\"has-black-color has-text-color has-link-color wp-elements-b8d02a92b7690fcd9323f304bf773d6e\">G.Reyes, M.J.Lundahl, S. Alejandro-Mart\u00edn, L.E. Arteaga-P\u00e9rez, C. Oviedo, A.W.T. King, O.J. Rojas, Coaxial Spinning of All-Cellulose Systems for Enhanced Toughness: Filaments of Oxidized Nanofibrils Sheathed in Cellulose II regenerated from a Protic Ionic Liquid, <em>Biomacromolecules<\/em>. 21 (<strong>2020<\/strong>) 878-891. https:\/\/doi.org\/10.1021\/acs.biomac.9b01559.<\/li>\n\n\n\n<li class=\"has-black-color has-text-color has-link-color wp-elements-2f2499124361d4eb052c71a267fbb4b2\">J. Vergara-Figueroa, S. Alejandro-Mart\u00edn, H. Pesenti, F. Cerda, A. Fern\u00e1ndez-P\u00e9rez, W. Gacit\u00faa, Obtaining Nanoparticles of Chilean Natural Zeolite and its Ion Exchange with Copper Salt (Cu2+) for Antibacterial Applications, <em>Materials<\/em> (Basel). 12 (<strong>2019<\/strong>) 2202. https:\/\/doi.org\/10.3390\/ma12132202.<\/li>\n\n\n\n<li class=\"has-black-color has-text-color has-link-color wp-elements-6be78c9efb51107f373b5780b648e120\">S. Alejandro-Mart\u00edn, A. Montecinos Acaricia, C. Cerda-Barrera, H. Diaz P\u00e9rez, Influence of Chemical Surface Characteristics of Ammonium-Modified Chilean Zeolite on Oak Pyrolysis, <em>Catalysts<\/em>. 9 (<strong>2019<\/strong>) 465. https:\/\/doi.org\/10.3390\/catal9050465.<\/li>\n\n\n\n<li class=\"has-black-color has-text-color has-link-color wp-elements-5a9883d4a75bfc50969d3d89982e65fe\"><mark style=\"background-color:rgba(0, 0, 0, 0)\" class=\"has-inline-color has-black-color\"><strong>S. Alejandro-Mart\u00edn<\/strong>, H. Vald\u00e9s, M.-H. Manero, C. Zaror, Catalytic Ozonation of Toluene Using Chilean Natural Zeolite: The Key Role of Br\u00f8nsted and Lewis Acid Sites, Catalysts. 8 (<strong>2018<\/strong>) 211.&nbsp;<a href=\"https:\/\/doi.org\/10.3390\/catal8050211\">https:\/\/doi.org\/10.3390\/catal8050211<\/a>.<\/mark><\/li>\n\n\n\n<li class=\"has-black-color has-text-color has-link-color wp-elements-6478f038b3fc264a4dd99631e8d2cfc2\"><mark _msttexthash=\"21439106\" style=\"background-color:rgba(0, 0, 0, 0)\" class=\"has-inline-color has-black-color\"><strong _istranslated=\"1\">Alejandro-Mart\u00edn, S<\/strong>., Cerda-Barrera, C., &amp; Montecinos, A. Catalytic Pyrolysis of Chilean Oak: Influence of Br\u00f8nsted Acid Sites of Chilean Natural Zeolite. <em>Catalysts<\/em>&nbsp;<strong>2017<\/strong>,&nbsp;<em>7<\/em>(12), 356;&nbsp;<a rel=\"noreferrer noopener\" href=\"https:\/\/doi.org\/10.3390\/catal7120356\" target=\"_blank\">https:\/\/doi.org\/10.3390\/catal7120356<\/a><\/mark><\/li>\n\n\n\n<li class=\"has-black-color has-text-color has-link-color wp-elements-6291adefe8f49bfd275fdeb5e091903d\"><mark style=\"background-color:rgba(0, 0, 0, 0)\" class=\"has-inline-color has-black-color\">L.E. Arteaga-P\u00e9rez, O.G. C\u00e1piro, A.M. Delgado,&nbsp;<strong>S.A. Mart\u00edn<\/strong>, R. Jim\u00e9nez, Elucidating the role of ammonia-based salts on the preparation of cellulose-derived carbon aerogels, Chem. Eng. Sci. 161 (<strong>2017<\/strong>) 80\u201391.&nbsp;<a href=\"https:\/\/doi.org\/10.1016\/j.ces.2016.12.019\">https:\/\/doi.org\/10.1016\/j.ces.2016.12.019<\/a><\/mark><\/li>\n\n\n\n<li class=\"has-black-color has-text-color has-link-color wp-elements-90fa0999052300edc9ac91074fa57c27\"><mark _msttexthash=\"58923826\" style=\"background-color:rgba(0, 0, 0, 0)\" class=\"has-inline-color has-black-color\"><strong _istranslated=\"1\">S. Alejandro<\/strong>, H. Vald\u00e9s, M.-H.M.-H.M.H. Man\u00e9ro, C.A. Zaror, Oxidative regeneration of toluene-saturated natural zeolite by gaseous ozone: The influence of zeolite chemical surface characteristics, J. Hazard. Mam\u00e1. 274 (<strong _istranslated=\"1\">2014<\/strong>) 212\u2013220. <a rel=\"noreferrer noopener\" href=\"https:\/\/doi.org\/10.1016\/j.jhazmat.2014.04.006\" target=\"_blank\">https:\/\/doi.org\/10.1016\/j.jhazmat.2014.04.006<\/a>.<\/mark><\/li>\n\n\n\n<li class=\"has-black-color has-text-color has-link-color wp-elements-43628ac3aff25129fa138e2d40242975\"><mark _msttexthash=\"44477251\" style=\"background-color:rgba(0, 0, 0, 0)\" class=\"has-inline-color has-black-color\"> H. Vald\u00e9s, <strong _istranslated=\"1\">S. Alejandro<\/strong>, C.A. Zaror, Natural zeolite reactivity towards ozone: The role of compensating cations, J. Hazard. Mam\u00e1. 227\u2013228 (<strong _istranslated=\"1\">2012<\/strong>) 34\u201340. <a rel=\"noreferrer noopener\" href=\"https:\/\/doi.org\/10.1016\/j.jhazmat.2012.04.067\" target=\"_blank\">https:\/\/doi.org\/10.1016\/j.jhazmat.2012.04.067<\/a>.<\/mark><\/li>\n\n\n\n<li class=\"has-black-color has-text-color has-link-color wp-elements-dbccea7789db0ce8a824a5b9a0f4d2a3\"><mark style=\"background-color:rgba(0, 0, 0, 0)\" class=\"has-inline-color has-black-color\">&nbsp;<strong>S. Alejandro<\/strong>, H. Vald\u00e9s, M.-H.H. Manero, C.A.A. Zaror, BTX abatement using Chilean natural zeolite: The role of Bronsted acid sites, Water Sci. Technol. 66 (<strong>2012<\/strong>) 1759\u20131769.&nbsp;<a rel=\"noreferrer noopener\" href=\"https:\/\/doi.org\/10.2166\/wst.2012.390\" target=\"_blank\">https:\/\/doi.org\/10.2166\/wst.2012.390<\/a>.<\/mark><\/li>\n\n\n\n<li class=\"has-black-color has-text-color has-link-color wp-elements-9674117f18a866f60d86d76915f4956d\"><mark style=\"background-color:rgba(0, 0, 0, 0)\" class=\"has-inline-color has-black-color\"><strong>S. Alejandro<\/strong>, H. Vald\u00e9s, C.A. Zaror, Natural Zeolite Reactivity Towards Ozone: The Role of Acid Surface Sites, J. Adv. Oxid. Technol. 14 (<strong>2011<\/strong>) 182\u2013189.&nbsp;<a href=\"https:\/\/doi.org\/10.1515\/jaots-2011-0201.%C2%A0\">https:\/\/doi.org\/10.1515\/jaots-2011-0201.&nbsp;<\/a><\/mark> <\/li>\n<\/ol>\n\n\n\n<p><\/p>\n","protected":false},"excerpt":{"rendered":"<p>Proyectos Publicaciones<\/p>\n","protected":false},"author":1,"featured_media":124,"parent":0,"menu_order":0,"comment_status":"closed","ping_status":"closed","template":"full-width-page.php","meta":{"footnotes":""},"class_list":["post-956","page","type-page","status-publish","has-post-thumbnail","hentry"],"_links":{"self":[{"href":"http:\/\/lcgpa.ubiobio.cl\/index.php\/wp-json\/wp\/v2\/pages\/956","targetHints":{"allow":["GET"]}}],"collection":[{"href":"http:\/\/lcgpa.ubiobio.cl\/index.php\/wp-json\/wp\/v2\/pages"}],"about":[{"href":"http:\/\/lcgpa.ubiobio.cl\/index.php\/wp-json\/wp\/v2\/types\/page"}],"author":[{"embeddable":true,"href":"http:\/\/lcgpa.ubiobio.cl\/index.php\/wp-json\/wp\/v2\/users\/1"}],"replies":[{"embeddable":true,"href":"http:\/\/lcgpa.ubiobio.cl\/index.php\/wp-json\/wp\/v2\/comments?post=956"}],"version-history":[{"count":27,"href":"http:\/\/lcgpa.ubiobio.cl\/index.php\/wp-json\/wp\/v2\/pages\/956\/revisions"}],"predecessor-version":[{"id":1757,"href":"http:\/\/lcgpa.ubiobio.cl\/index.php\/wp-json\/wp\/v2\/pages\/956\/revisions\/1757"}],"wp:featuredmedia":[{"embeddable":true,"href":"http:\/\/lcgpa.ubiobio.cl\/index.php\/wp-json\/wp\/v2\/media\/124"}],"wp:attachment":[{"href":"http:\/\/lcgpa.ubiobio.cl\/index.php\/wp-json\/wp\/v2\/media?parent=956"}],"curies":[{"name":"wp","href":"https:\/\/api.w.org\/{rel}","templated":true}]}}