{"id":958,"date":"2021-11-24T23:54:18","date_gmt":"2021-11-24T23:54:18","guid":{"rendered":"http:\/\/lcgpa.ubiobio.cl\/?page_id=958"},"modified":"2022-10-02T17:56:39","modified_gmt":"2022-10-02T17:56:39","slug":"noticias","status":"publish","type":"page","link":"http:\/\/lcgpa.ubiobio.cl\/index.php\/noticias\/","title":{"rendered":"Noticias"},"content":{"rendered":"\n<div class=\"wp-block-columns is-layout-flex wp-container-core-columns-is-layout-9d6595d7 wp-block-columns-is-layout-flex\">\n<div class=\"wp-block-column has-black-color has-text-color is-layout-flow wp-block-column-is-layout-flow\">\n<h2 class=\"wp-block-heading\">Movilidad<\/h2>\n\n\n\n<h4 class=\"wp-block-heading\"><a href=\"https:\/\/fi.ubiobio.cl\/noticia\/estudiante-internacional-de-doctorado-realiza-su-pasantia-en-la-facultad-de-ingenieria\/\">ESTUDIANTE INTERNACIONAL DE DOCTORADO REALIZA SU PASANT\u00cdA EN LA FACULTAD DE INGENIER\u00cdA<\/a><\/h4>\n\n\n\n<p>Alejandro M\u00e1rquez, estudiante de Doctorado del Centro de Investigaci\u00f3n Energ\u00e9tica de Medioambiente y Tecnolog\u00eda (CIEMAT) de la Universidad Complutense de Madrid, se encuentra realizando una pasant\u00eda financiada e impulsada por la Red Iberoamericana de Tecnolog\u00edas de Biomasa y Bioenerg\u00eda Rural (REBIBIR)  https:\/\/www.cyted.org\/es\/rebibir .El futuro doctor estudiar\u00e1 durante tres meses la pir\u00f3lisis y la co-pir\u00f3lisis (mezclas con biomasa lignocelul\u00f3sica), procesos de transformaci\u00f3n termoqu\u00edmica del que se puede extraer un potencial biocombustible alternativo. \u201cEn el caso de Alejandro M\u00e1rquez, su objetivo de investigaci\u00f3n es obtener biocombustibles en base a los residuos s\u00f3lidos urbanos, produciendo una revalorizaci\u00f3n de \u00e9stos, los cuales de no ser reutilizados terminar\u00edan siendo enterrados o incinerados\u201d, sostuvo el docente e integrante de la Red REBIBIR, Serguei Alejandro.Esta estancia doctoral, busca potenciar el capital humano y tecnol\u00f3gico de Iberoam\u00e9rica, mediante la identificaci\u00f3n de l\u00edneas futuras de trabajo conjunto, mecanismos y esquemas de intercambio y difusi\u00f3n.<\/p>\n\n\n\n<figure class=\"wp-block-image size-full\"><img loading=\"lazy\" decoding=\"async\" width=\"1024\" height=\"683\" src=\"http:\/\/lcgpa.ubiobio.cl\/wp-content\/uploads\/2022\/10\/dsc_0135-1-1024x683-1.jpg\" alt=\"\" class=\"wp-image-1185\" srcset=\"http:\/\/lcgpa.ubiobio.cl\/wp-content\/uploads\/2022\/10\/dsc_0135-1-1024x683-1.jpg 1024w, http:\/\/lcgpa.ubiobio.cl\/wp-content\/uploads\/2022\/10\/dsc_0135-1-1024x683-1-300x200.jpg 300w, http:\/\/lcgpa.ubiobio.cl\/wp-content\/uploads\/2022\/10\/dsc_0135-1-1024x683-1-768x512.jpg 768w\" sizes=\"auto, (max-width: 1024px) 100vw, 1024px\" \/><\/figure>\n\n\n\n<figure class=\"wp-block-image size-full\"><img loading=\"lazy\" decoding=\"async\" width=\"1024\" height=\"683\" src=\"http:\/\/lcgpa.ubiobio.cl\/wp-content\/uploads\/2022\/10\/dsc_0100-1024x683-2.jpg\" alt=\"\" class=\"wp-image-1186\" srcset=\"http:\/\/lcgpa.ubiobio.cl\/wp-content\/uploads\/2022\/10\/dsc_0100-1024x683-2.jpg 1024w, http:\/\/lcgpa.ubiobio.cl\/wp-content\/uploads\/2022\/10\/dsc_0100-1024x683-2-300x200.jpg 300w, http:\/\/lcgpa.ubiobio.cl\/wp-content\/uploads\/2022\/10\/dsc_0100-1024x683-2-768x512.jpg 768w\" sizes=\"auto, (max-width: 1024px) 100vw, 1024px\" \/><\/figure>\n<\/div>\n\n\n\n<div class=\"wp-block-column is-layout-flow wp-block-column-is-layout-flow\">\n<h4 class=\"has-black-color has-text-color wp-block-heading\">Concluye Primera etapa de Instalaci\u00f3n y Puesta en marcha del GC\/MS.<\/h4>\n\n\n\n<p class=\"has-black-color has-text-color has-small-font-size\">El 07 de Diciembre de 2018&nbsp;se&nbsp;termin\u00f3 la primera etapa de la puesta en marcha del equipamiento principal asociado al Proyecto Fondequip 170077: \u201cFortalecimiento de las capacidades anal\u00edticas para el desarrollo de biomateriales y biocombustibles en las regiones del&nbsp; B\u00edo-B\u00edo y la Araucan\u00eda, a trav\u00e9s de un Micropirolizador y ATD acoplados a un GC\/MS\u201d.<\/p>\n\n\n\n<p class=\"has-vivid-cyan-blue-color has-text-color has-small-font-size\"><strong>Revisa las im\u00e1genes a continuaci\u00f3n:<\/strong><\/p>\n\n\n\n<figure class=\"wp-block-gallery has-nested-images columns-2 is-cropped wp-block-gallery-1 is-layout-flex wp-block-gallery-is-layout-flex\">\n<figure class=\"wp-block-image size-full\"><a href=\"http:\/\/lcgpa.ubiobio.cl\/wp-content\/uploads\/2021\/11\/20181204_135351-scaled.jpg\"><img loading=\"lazy\" decoding=\"async\" width=\"1920\" height=\"2560\" data-id=\"1019\" src=\"http:\/\/lcgpa.ubiobio.cl\/wp-content\/uploads\/2021\/11\/20181204_135351-scaled.jpg\" alt=\"\" class=\"wp-image-1019\" srcset=\"http:\/\/lcgpa.ubiobio.cl\/wp-content\/uploads\/2021\/11\/20181204_135351-scaled.jpg 1920w, http:\/\/lcgpa.ubiobio.cl\/wp-content\/uploads\/2021\/11\/20181204_135351-225x300.jpg 225w, http:\/\/lcgpa.ubiobio.cl\/wp-content\/uploads\/2021\/11\/20181204_135351-768x1024.jpg 768w, http:\/\/lcgpa.ubiobio.cl\/wp-content\/uploads\/2021\/11\/20181204_135351-1152x1536.jpg 1152w, http:\/\/lcgpa.ubiobio.cl\/wp-content\/uploads\/2021\/11\/20181204_135351-1536x2048.jpg 1536w\" sizes=\"auto, (max-width: 1920px) 100vw, 1920px\" \/><\/a><\/figure>\n\n\n\n<figure class=\"wp-block-image size-full\"><a href=\"http:\/\/lcgpa.ubiobio.cl\/wp-content\/uploads\/2021\/11\/20181204_140014-scaled.jpg\"><img loading=\"lazy\" decoding=\"async\" width=\"1920\" height=\"2560\" data-id=\"1020\" src=\"http:\/\/lcgpa.ubiobio.cl\/wp-content\/uploads\/2021\/11\/20181204_140014-scaled.jpg\" alt=\"\" class=\"wp-image-1020\" srcset=\"http:\/\/lcgpa.ubiobio.cl\/wp-content\/uploads\/2021\/11\/20181204_140014-scaled.jpg 1920w, http:\/\/lcgpa.ubiobio.cl\/wp-content\/uploads\/2021\/11\/20181204_140014-225x300.jpg 225w, http:\/\/lcgpa.ubiobio.cl\/wp-content\/uploads\/2021\/11\/20181204_140014-768x1024.jpg 768w, http:\/\/lcgpa.ubiobio.cl\/wp-content\/uploads\/2021\/11\/20181204_140014-1152x1536.jpg 1152w, http:\/\/lcgpa.ubiobio.cl\/wp-content\/uploads\/2021\/11\/20181204_140014-1536x2048.jpg 1536w\" sizes=\"auto, (max-width: 1920px) 100vw, 1920px\" \/><\/a><\/figure>\n\n\n\n<figure class=\"wp-block-image size-full\"><a href=\"http:\/\/lcgpa.ubiobio.cl\/wp-content\/uploads\/2021\/11\/20180924_122439-scaled.jpg\"><img loading=\"lazy\" decoding=\"async\" width=\"2560\" height=\"1920\" data-id=\"1014\" src=\"http:\/\/lcgpa.ubiobio.cl\/wp-content\/uploads\/2021\/11\/20180924_122439-scaled.jpg\" alt=\"\" class=\"wp-image-1014\" srcset=\"http:\/\/lcgpa.ubiobio.cl\/wp-content\/uploads\/2021\/11\/20180924_122439-scaled.jpg 2560w, http:\/\/lcgpa.ubiobio.cl\/wp-content\/uploads\/2021\/11\/20180924_122439-300x225.jpg 300w, http:\/\/lcgpa.ubiobio.cl\/wp-content\/uploads\/2021\/11\/20180924_122439-1024x768.jpg 1024w, http:\/\/lcgpa.ubiobio.cl\/wp-content\/uploads\/2021\/11\/20180924_122439-768x576.jpg 768w, http:\/\/lcgpa.ubiobio.cl\/wp-content\/uploads\/2021\/11\/20180924_122439-1536x1152.jpg 1536w, http:\/\/lcgpa.ubiobio.cl\/wp-content\/uploads\/2021\/11\/20180924_122439-2048x1536.jpg 2048w, http:\/\/lcgpa.ubiobio.cl\/wp-content\/uploads\/2021\/11\/20180924_122439-2000x1500.jpg 2000w\" sizes=\"auto, (max-width: 2560px) 100vw, 2560px\" \/><\/a><\/figure>\n\n\n\n<figure class=\"wp-block-image size-full\"><a href=\"http:\/\/lcgpa.ubiobio.cl\/wp-content\/uploads\/2021\/11\/20181203_150853-scaled.jpg\"><img loading=\"lazy\" decoding=\"async\" width=\"2560\" height=\"1920\" data-id=\"1018\" src=\"http:\/\/lcgpa.ubiobio.cl\/wp-content\/uploads\/2021\/11\/20181203_150853-scaled.jpg\" alt=\"\" class=\"wp-image-1018\" srcset=\"http:\/\/lcgpa.ubiobio.cl\/wp-content\/uploads\/2021\/11\/20181203_150853-scaled.jpg 2560w, http:\/\/lcgpa.ubiobio.cl\/wp-content\/uploads\/2021\/11\/20181203_150853-300x225.jpg 300w, http:\/\/lcgpa.ubiobio.cl\/wp-content\/uploads\/2021\/11\/20181203_150853-1024x768.jpg 1024w, http:\/\/lcgpa.ubiobio.cl\/wp-content\/uploads\/2021\/11\/20181203_150853-768x576.jpg 768w, http:\/\/lcgpa.ubiobio.cl\/wp-content\/uploads\/2021\/11\/20181203_150853-1536x1152.jpg 1536w, http:\/\/lcgpa.ubiobio.cl\/wp-content\/uploads\/2021\/11\/20181203_150853-2048x1536.jpg 2048w, http:\/\/lcgpa.ubiobio.cl\/wp-content\/uploads\/2021\/11\/20181203_150853-2000x1500.jpg 2000w\" sizes=\"auto, (max-width: 2560px) 100vw, 2560px\" \/><\/a><\/figure>\n\n\n\n<figure class=\"wp-block-image size-full\"><a href=\"http:\/\/lcgpa.ubiobio.cl\/wp-content\/uploads\/2021\/11\/20180928_153944-scaled.jpg\"><img loading=\"lazy\" decoding=\"async\" width=\"2560\" height=\"1920\" data-id=\"1016\" src=\"http:\/\/lcgpa.ubiobio.cl\/wp-content\/uploads\/2021\/11\/20180928_153944-scaled.jpg\" alt=\"\" class=\"wp-image-1016\" srcset=\"http:\/\/lcgpa.ubiobio.cl\/wp-content\/uploads\/2021\/11\/20180928_153944-scaled.jpg 2560w, http:\/\/lcgpa.ubiobio.cl\/wp-content\/uploads\/2021\/11\/20180928_153944-300x225.jpg 300w, http:\/\/lcgpa.ubiobio.cl\/wp-content\/uploads\/2021\/11\/20180928_153944-1024x768.jpg 1024w, http:\/\/lcgpa.ubiobio.cl\/wp-content\/uploads\/2021\/11\/20180928_153944-768x576.jpg 768w, http:\/\/lcgpa.ubiobio.cl\/wp-content\/uploads\/2021\/11\/20180928_153944-1536x1152.jpg 1536w, http:\/\/lcgpa.ubiobio.cl\/wp-content\/uploads\/2021\/11\/20180928_153944-2048x1536.jpg 2048w, http:\/\/lcgpa.ubiobio.cl\/wp-content\/uploads\/2021\/11\/20180928_153944-2000x1500.jpg 2000w\" sizes=\"auto, (max-width: 2560px) 100vw, 2560px\" \/><\/a><\/figure>\n\n\n\n<figure class=\"wp-block-image size-full\"><a href=\"http:\/\/lcgpa.ubiobio.cl\/wp-content\/uploads\/2021\/11\/20180926_194024-scaled.jpg\"><img loading=\"lazy\" decoding=\"async\" width=\"2560\" height=\"1920\" data-id=\"1015\" src=\"http:\/\/lcgpa.ubiobio.cl\/wp-content\/uploads\/2021\/11\/20180926_194024-scaled.jpg\" alt=\"\" class=\"wp-image-1015\" srcset=\"http:\/\/lcgpa.ubiobio.cl\/wp-content\/uploads\/2021\/11\/20180926_194024-scaled.jpg 2560w, http:\/\/lcgpa.ubiobio.cl\/wp-content\/uploads\/2021\/11\/20180926_194024-300x225.jpg 300w, http:\/\/lcgpa.ubiobio.cl\/wp-content\/uploads\/2021\/11\/20180926_194024-1024x768.jpg 1024w, http:\/\/lcgpa.ubiobio.cl\/wp-content\/uploads\/2021\/11\/20180926_194024-768x576.jpg 768w, http:\/\/lcgpa.ubiobio.cl\/wp-content\/uploads\/2021\/11\/20180926_194024-1536x1152.jpg 1536w, http:\/\/lcgpa.ubiobio.cl\/wp-content\/uploads\/2021\/11\/20180926_194024-2048x1536.jpg 2048w, http:\/\/lcgpa.ubiobio.cl\/wp-content\/uploads\/2021\/11\/20180926_194024-2000x1500.jpg 2000w\" sizes=\"auto, (max-width: 2560px) 100vw, 2560px\" \/><\/a><\/figure>\n\n\n\n<figure class=\"wp-block-image size-full\"><a href=\"http:\/\/lcgpa.ubiobio.cl\/wp-content\/uploads\/2021\/11\/20181204_180011-scaled.jpg\"><img loading=\"lazy\" decoding=\"async\" width=\"2560\" height=\"1920\" data-id=\"1021\" src=\"http:\/\/lcgpa.ubiobio.cl\/wp-content\/uploads\/2021\/11\/20181204_180011-scaled.jpg\" alt=\"\" class=\"wp-image-1021\" srcset=\"http:\/\/lcgpa.ubiobio.cl\/wp-content\/uploads\/2021\/11\/20181204_180011-scaled.jpg 2560w, http:\/\/lcgpa.ubiobio.cl\/wp-content\/uploads\/2021\/11\/20181204_180011-300x225.jpg 300w, http:\/\/lcgpa.ubiobio.cl\/wp-content\/uploads\/2021\/11\/20181204_180011-1024x768.jpg 1024w, http:\/\/lcgpa.ubiobio.cl\/wp-content\/uploads\/2021\/11\/20181204_180011-768x576.jpg 768w, http:\/\/lcgpa.ubiobio.cl\/wp-content\/uploads\/2021\/11\/20181204_180011-1536x1152.jpg 1536w, http:\/\/lcgpa.ubiobio.cl\/wp-content\/uploads\/2021\/11\/20181204_180011-2048x1536.jpg 2048w, http:\/\/lcgpa.ubiobio.cl\/wp-content\/uploads\/2021\/11\/20181204_180011-2000x1500.jpg 2000w\" sizes=\"auto, (max-width: 2560px) 100vw, 2560px\" \/><\/a><\/figure>\n\n\n\n<figure class=\"wp-block-image size-full\"><a href=\"http:\/\/lcgpa.ubiobio.cl\/wp-content\/uploads\/2021\/11\/20181205_163528-scaled.jpg\"><img loading=\"lazy\" decoding=\"async\" width=\"2560\" height=\"1920\" data-id=\"1022\" src=\"http:\/\/lcgpa.ubiobio.cl\/wp-content\/uploads\/2021\/11\/20181205_163528-scaled.jpg\" alt=\"\" class=\"wp-image-1022\" srcset=\"http:\/\/lcgpa.ubiobio.cl\/wp-content\/uploads\/2021\/11\/20181205_163528-scaled.jpg 2560w, http:\/\/lcgpa.ubiobio.cl\/wp-content\/uploads\/2021\/11\/20181205_163528-300x225.jpg 300w, http:\/\/lcgpa.ubiobio.cl\/wp-content\/uploads\/2021\/11\/20181205_163528-1024x768.jpg 1024w, http:\/\/lcgpa.ubiobio.cl\/wp-content\/uploads\/2021\/11\/20181205_163528-768x576.jpg 768w, http:\/\/lcgpa.ubiobio.cl\/wp-content\/uploads\/2021\/11\/20181205_163528-1536x1152.jpg 1536w, http:\/\/lcgpa.ubiobio.cl\/wp-content\/uploads\/2021\/11\/20181205_163528-2048x1536.jpg 2048w, http:\/\/lcgpa.ubiobio.cl\/wp-content\/uploads\/2021\/11\/20181205_163528-2000x1500.jpg 2000w\" sizes=\"auto, (max-width: 2560px) 100vw, 2560px\" \/><\/a><\/figure>\n\n\n\n<figure class=\"wp-block-image size-full\"><a href=\"http:\/\/lcgpa.ubiobio.cl\/wp-content\/uploads\/2021\/11\/20181108_173519-scaled.jpg\"><img loading=\"lazy\" decoding=\"async\" width=\"2560\" height=\"1920\" data-id=\"1017\" src=\"http:\/\/lcgpa.ubiobio.cl\/wp-content\/uploads\/2021\/11\/20181108_173519-scaled.jpg\" alt=\"\" class=\"wp-image-1017\" srcset=\"http:\/\/lcgpa.ubiobio.cl\/wp-content\/uploads\/2021\/11\/20181108_173519-scaled.jpg 2560w, http:\/\/lcgpa.ubiobio.cl\/wp-content\/uploads\/2021\/11\/20181108_173519-300x225.jpg 300w, http:\/\/lcgpa.ubiobio.cl\/wp-content\/uploads\/2021\/11\/20181108_173519-1024x768.jpg 1024w, http:\/\/lcgpa.ubiobio.cl\/wp-content\/uploads\/2021\/11\/20181108_173519-768x576.jpg 768w, http:\/\/lcgpa.ubiobio.cl\/wp-content\/uploads\/2021\/11\/20181108_173519-1536x1152.jpg 1536w, http:\/\/lcgpa.ubiobio.cl\/wp-content\/uploads\/2021\/11\/20181108_173519-2048x1536.jpg 2048w, http:\/\/lcgpa.ubiobio.cl\/wp-content\/uploads\/2021\/11\/20181108_173519-2000x1500.jpg 2000w\" sizes=\"auto, (max-width: 2560px) 100vw, 2560px\" \/><\/a><\/figure>\n<\/figure>\n<\/div>\n<\/div>\n\n\n\n<h2 class=\"wp-block-heading\"><\/h2>\n","protected":false},"excerpt":{"rendered":"<p>Movilidad ESTUDIANTE INTERNACIONAL DE DOCTORADO REALIZA SU PASANT\u00cdA EN LA FACULTAD DE INGENIER\u00cdA Alejandro M\u00e1rquez, estudiante de Doctorado del Centro de Investigaci\u00f3n Energ\u00e9tica de Medioambiente y Tecnolog\u00eda (CIEMAT) de la Universidad Complutense de Madrid, se encuentra realizando una pasant\u00eda financiada e impulsada por la Red Iberoamericana de Tecnolog\u00edas de Biomasa y Bioenerg\u00eda Rural (REBIBIR) https:\/\/www.cyted.org\/es\/rebibir &hellip; <a href=\"http:\/\/lcgpa.ubiobio.cl\/index.php\/noticias\/\" class=\"more-link\">Continue reading <span class=\"screen-reader-text\">Noticias<\/span><\/a><\/p>\n","protected":false},"author":1,"featured_media":0,"parent":0,"menu_order":0,"comment_status":"closed","ping_status":"closed","template":"panel-page.php","meta":{"footnotes":""},"class_list":["post-958","page","type-page","status-publish","hentry"],"_links":{"self":[{"href":"http:\/\/lcgpa.ubiobio.cl\/index.php\/wp-json\/wp\/v2\/pages\/958","targetHints":{"allow":["GET"]}}],"collection":[{"href":"http:\/\/lcgpa.ubiobio.cl\/index.php\/wp-json\/wp\/v2\/pages"}],"about":[{"href":"http:\/\/lcgpa.ubiobio.cl\/index.php\/wp-json\/wp\/v2\/types\/page"}],"author":[{"embeddable":true,"href":"http:\/\/lcgpa.ubiobio.cl\/index.php\/wp-json\/wp\/v2\/users\/1"}],"replies":[{"embeddable":true,"href":"http:\/\/lcgpa.ubiobio.cl\/index.php\/wp-json\/wp\/v2\/comments?post=958"}],"version-history":[{"count":10,"href":"http:\/\/lcgpa.ubiobio.cl\/index.php\/wp-json\/wp\/v2\/pages\/958\/revisions"}],"predecessor-version":[{"id":1188,"href":"http:\/\/lcgpa.ubiobio.cl\/index.php\/wp-json\/wp\/v2\/pages\/958\/revisions\/1188"}],"wp:attachment":[{"href":"http:\/\/lcgpa.ubiobio.cl\/index.php\/wp-json\/wp\/v2\/media?parent=958"}],"curies":[{"name":"wp","href":"https:\/\/api.w.org\/{rel}","templated":true}]}}